{"id":952,"date":"2021-01-10T13:26:26","date_gmt":"2021-01-10T13:26:26","guid":{"rendered":"http:\/\/kancelaria-walczuk.pl\/?page_id=952"},"modified":"2026-04-07T11:21:40","modified_gmt":"2026-04-07T11:21:40","slug":"6b84d-charity-brizy-homepage-2-2-4","status":"publish","type":"page","link":"https:\/\/kancelaria-walczuk.pl\/index.php\/6b84d-charity-brizy-homepage-2-2-4\/","title":{"rendered":"Blog"},"content":{"rendered":"<div class=\"brz-root__container brz-reset-all brz\">\n<section id=\"about\" class=\"brz-section brz-css-aC0tE\">\n<div class=\"brz-section__content brz-section--boxed brz-css-wPydb brz-css-iWfdr\" data-brz-custom-id=\"epcmjzgbqzuevoswgvcfqmymxlslekqikjjb\">\n<div class=\"brz-bg\">\n<div class=\"brz-bg-image\"><\/div>\n<div class=\"brz-bg-color\"><\/div>\n<\/div>\n<div class=\"brz-container brz-css-uiWI1\">\n<div id=\"\" class=\"brz-css-hKaMx brz-wrapper\">\n<div class=\"brz-rich-text brz-rich-text__custom brz-css-qbNns\" data-brz-custom-id=\"dgzjadkekqkrdrzqxjecdfrbvkrnrecypnii\">\n<div data-brz-translate-text=\"1\">\n<h2 class=\"brz-text-lg-center brz-lh-lg-1 brz-lh-sm-im-1_3 brz-lh-xs-im-1_3 brz-ls-lg-0 brz-ls-sm-im-m_1 brz-ls-xs-im-m_1 brz-ff-noto_serif brz-ft-google brz-fw-lg-400 brz-fw-sm-im-400 brz-fw-xs-im-400 brz-fs-lg-40 brz-fs-sm-im-7 brz-fs-xs-im-7 brz-css-kiyq3\"><span class=\"brz-cp-color8\">Blog<\/span><\/h2>\n<\/div>\n<\/div>\n<\/div>\n<\/div>\n<\/div>\n<\/section>\n<section id=\"_igflsplzwsjlyxkmuikgdobyuovlibcguslc\" class=\"brz-section brz-css-aC0tE\">\n<div class=\"brz-section__content brz-section--boxed brz-css-wPydb brz-css-mDdq3\" data-brz-custom-id=\"pvmtbfmckwtdcnhasrwahtehtshkurfvkjgt\">\n<div class=\"brz-bg\">\n<div class=\"brz-bg-color\"><\/div>\n<\/div>\n<div class=\"brz-container brz-css-uiWI1\">\n<div class=\"brz-row__container brz-css-wjj5e\" data-brz-custom-id=\"jsdgfdszgjfchplexbqjokjgacnokyleyugi\">\n<div class=\"brz-bg\"><\/div>\n<div class=\"brz-row brz-css-iVKoI brz-css-xY0yT\">\n<div class=\"brz-columns brz-css-f8Kep brz-css-u8oIr\" data-brz-custom-id=\"jjvordglnhjknrudiyvoyxhemntmiscfwacx\">\n<div class=\"brz-bg\">\n<div class=\"brz-bg-color\"><\/div>\n<\/div>\n<div class=\"brz-column__items brz-css-yqTZN brz-css-m99wK\">\n<div id=\"\" class=\"brz-css-hKaMx brz-wrapper\">\n<div class=\"brz-rich-text brz-rich-text__custom brz-css-qbNns\" data-brz-custom-id=\"tldthuhsdwholwewmbqnqxtqwmafyqaboulc\">\n<div data-brz-translate-text=\"1\">\n<h5 class=\"brz-text-lg-center brz-lh-lg-1_6 brz-lh-sm-im-1_4 brz-lh-xs-im-1_4 brz-ls-lg-0 brz-ls-sm-im-0 brz-ls-xs-im-0 brz-ff-noto_serif brz-ft-google brz-fw-lg-400 brz-fw-sm-im-900 brz-fw-xs-im-900 brz-fs-lg-20 brz-fs-sm-im-17 brz-fs-xs-im-16 brz-css-gRorE\">PRAWOMOCNY NAKAZ ZAP\u0141ATY WYDANY NA PODSTAWIE WEKSLA IN BLANCO \u2013 CZY JU\u017b WSZYSTKO STRACONE?<\/h5>\n<\/div>\n<\/div>\n<\/div>\n<div id=\"\" class=\"brz-css-hKaMx brz-wrapper\">\n<div class=\"brz-rich-text brz-rich-text__custom brz-css-qbNns\" data-brz-custom-id=\"rhnjumsdqjrwcwyyerzpnxrsbnxawxglywlu\">\n<div data-brz-translate-text=\"1\">\n<p class=\"brz-text-lg-center brz-tp-paragraph brz-css-lBup7\">Ka\u017cdemu z nas mo\u017ce zdarzy\u0107 si\u0119 trudniejsza sytuacja w \u017cyciu, je\u017celi chodzi o stan naszych finans\u00f3w. W takim wypadku szukamy pomocy u naszych najbli\u017cszych, rodziny czy przyjaci\u00f3\u0142, prosz\u0105c o udzielenie pomocy finansowej. Cz\u0119sto jednak rozwi\u0105zaniem w takiej sytuacji zostaje po\u017cyczki w instytucji finansowej zajmuj\u0105cej si\u0119 udzielaniem szybkich po\u017cyczek, tzw. chwil\u00f3wek. <\/p>\n<\/div>\n<\/div>\n<\/div>\n<div class=\"brz-wrapper-clone brz-css-f0rEN\">\n<div class=\"brz-d-xs-flex brz-flex-xs-wrap brz-css-qS6FA\" data-brz-custom-id=\"\">\n<div class=\"brz-wrapper-clone__item\" id=\"angqagralbhomictmypqgttlwzanmvzkiyvh\">\n<div class=\"brz-hover-animation__container\" data-brz-hover-animationid=\"byxqhdoeruqjpeiilzypfxainktzswgwshcv\" data-brz-hover-options=\"%7B%22duration%22:600,%22iterations%22:1%7D\" data-brz-hover-reversible=\"true\" data-brz-hover-target=\"%22firstChild%22\"><a class=\"brz-a brz-btn brz-css-zH1SZ brz-css-k_88F brz-css-oRcTV brz-css-wuzYi\" href=\"http:\/\/kancelaria-walczuk.pl\/index.php\/6b84d-charity-brizy-homepage-2-2-4-2-2\/\" target=\"_self\" rel=\"noopener\" data-brz-link-type=\"external\" data-brz-custom-id=\"angqagralbhomictmypqgttlwzanmvzkiyvh\"><span data-brz-translate-text=\"1\" class=\"brz-span brz-text__editor\">Czytaj wi\u0119cej<\/span><\/a><\/div>\n<\/div>\n<\/div>\n<\/div>\n<\/div>\n<\/div>\n<div class=\"brz-columns brz-css-f8Kep brz-css-hfvFd\" data-brz-custom-id=\"xnrfxiftkrefocrnwoydaoumragewkaprmhb\">\n<div class=\"brz-bg\">\n<div class=\"brz-bg-color\"><\/div>\n<\/div>\n<div class=\"brz-column__items brz-css-yqTZN brz-css-ghsVH\">\n<div id=\"\" class=\"brz-css-hKaMx brz-wrapper\">\n<div class=\"brz-rich-text brz-rich-text__custom brz-css-qbNns\" data-brz-custom-id=\"zdoauujhybbblriupsmcsfxvjpzplwzvrhhp\">\n<div data-brz-translate-text=\"1\">\n<h5 class=\"brz-fs-xs-im-16 brz-fs-sm-im-17 brz-fs-lg-20 brz-fw-xs-im-900 brz-fw-sm-im-900 brz-fw-lg-400 brz-ft-google brz-ff-noto_serif brz-ls-xs-im-0 brz-ls-sm-im-0 brz-ls-lg-0 brz-lh-xs-im-1_4 brz-lh-sm-im-1_4 brz-lh-lg-1_6 brz-text-lg-center brz-css-rA5Yc\">S\u0104DOWY ZAKAZ PROWADZENIA POJAZD\u00d3W \u2013 CZY MO\u017bNA GO OMIN\u0104\u0106?<\/h5>\n<\/div>\n<\/div>\n<\/div>\n<div id=\"\" class=\"brz-css-hKaMx brz-wrapper\">\n<div class=\"brz-rich-text brz-rich-text__custom brz-css-qbNns\" data-brz-custom-id=\"esynahiwvqddqhzsuwkuwrigujqjkxyzoryy\">\n<div data-brz-translate-text=\"1\">\n<p class=\"brz-tp-paragraph brz-text-lg-center brz-css-mGYlP\">S\u0105dowy zakaz prowadzenia pojazd\u00f3w mechanicznych za przest\u0119pstwa i wykroczenia przeciwko bezpiecze\u0144stwu w komunikacji okre\u015blone w kodeksie karnym oraz kodeksie wykrocze\u0144 s\u0105 sankcj\u0105 jaka mo\u017ce spotka\u0107 ka\u017cdego, kto narusza przepisy zwi\u0105zane z poruszaniem si\u0119 pojazdem mechanicznych po drodze publicznej, czy ka\u017cdej innej drodze, kt\u00f3ra normalnie jest przeznaczona do poruszania si\u0119 pojazd\u00f3w. Oczywi\u015bcie <\/p>\n<\/div>\n<\/div>\n<\/div>\n<div class=\"brz-wrapper-clone brz-css-f0rEN\">\n<div class=\"brz-d-xs-flex brz-flex-xs-wrap brz-css-qS6FA\" data-brz-custom-id=\"\">\n<div class=\"brz-wrapper-clone__item\" id=\"iveagtrbvzlmxthfmosxyefnmfjdhlelcsiu\">\n<div class=\"brz-hover-animation__container\" data-brz-hover-animationid=\"uopkcjvpnytxlwmrulpgowlwgauylyrgmmuv\" data-brz-hover-options=\"%7B%22duration%22:600,%22iterations%22:1%7D\" data-brz-hover-reversible=\"true\" data-brz-hover-target=\"%22firstChild%22\"><a class=\"brz-a brz-btn brz-css-zH1SZ brz-css-fETIF brz-css-oRcTV brz-css-pAAAt\" href=\"http:\/\/kancelaria-walczuk.pl\/index.php\/6b84d-charity-brizy-homepage-2-2-4-2-2-2\/\" target=\"_self\" rel=\"noopener\" data-brz-link-type=\"external\" data-brz-custom-id=\"iveagtrbvzlmxthfmosxyefnmfjdhlelcsiu\"><span data-brz-translate-text=\"1\" class=\"brz-span brz-text__editor\">Czytaj wi\u0119cej<\/span><\/a><\/div>\n<\/div>\n<\/div>\n<\/div>\n<\/div>\n<\/div>\n<div class=\"brz-columns brz-css-f8Kep brz-css-kUktK\" data-brz-custom-id=\"undebappgycfntdjowuchueodkdqczgbhaqa\">\n<div class=\"brz-bg\">\n<div class=\"brz-bg-color\"><\/div>\n<\/div>\n<div class=\"brz-column__items brz-css-yqTZN brz-css-ymGUa\">\n<div id=\"\" class=\"brz-css-hKaMx brz-wrapper\">\n<div class=\"brz-rich-text brz-rich-text__custom brz-css-qbNns\" data-brz-custom-id=\"bnvreqyovoudpqyblaspuvmcbpqohyirzbfl\">\n<div data-brz-translate-text=\"1\">\n<h5 class=\"brz-text-lg-center brz-lh-lg-1_6 brz-lh-sm-im-1_4 brz-lh-xs-im-1_4 brz-ls-lg-0 brz-ls-sm-im-0 brz-ls-xs-im-0 brz-ff-noto_serif brz-ft-google brz-fw-lg-400 brz-fw-sm-im-900 brz-fw-xs-im-900 brz-fs-lg-20 brz-fs-sm-im-17 brz-fs-xs-im-16 brz-css-mpsMM\">CZYNNY \u017bAL, CZYLI JAK SI\u0118 RATOWA\u0106, KIEDY NIE ZAP\u0141ACI\u0141EM W TERMINIE PODATKU. <\/h5>\n<\/div>\n<\/div>\n<\/div>\n<div id=\"\" class=\"brz-css-hKaMx brz-wrapper\">\n<div class=\"brz-rich-text brz-rich-text__custom brz-css-qbNns\" data-brz-custom-id=\"rqypryxmprxwhwplowpvkslzhhqpsneyloko\">\n<div data-brz-translate-text=\"1\">\n<p class=\"brz-tp-paragraph brz-text-lg-center brz-css-zXt2E\">Wed\u0142ug znanego powiedzenia w \u017cyciu pewne s\u0105 tylko dwie pewne rzeczy \u2013 \u015bmier\u0107 i podatki. Praktyka \u017cyciowa pokazuje nam, \u017ce w gruncie rzeczy to powiedzenie sprawdza si\u0119 i o ile ze \u015bmierci\u0105 raczej negocjowa\u0107 si\u0119 nie da, to mo\u017cemy stara\u0107 si\u0119 unikn\u0105\u0107 negatywnych konsekwencji zwi\u0105zanych z m.in. niezap\u0142aceniem w terminie podatku lub brakiem z\u0142o\u017cenia w terminie stosownej deklaracji podatkowej, na czym si\u0119 skupimy w niniejszym artykule.Czytaj wi\u0119cej<\/p>\n<\/div>\n<\/div>\n<\/div>\n<div class=\"brz-wrapper-clone brz-css-f0rEN\">\n<div class=\"brz-d-xs-flex brz-flex-xs-wrap brz-css-qS6FA\" data-brz-custom-id=\"\">\n<div class=\"brz-wrapper-clone__item\" id=\"xuqnzdpsbqrpckobxgldlrtdyqkdopzbrxnp\">\n<div class=\"brz-hover-animation__container\" data-brz-hover-animationid=\"vixcbraewranxmyyzlduueawlonzvdqzxzxm\" data-brz-hover-options=\"%7B%22duration%22:600,%22iterations%22:1%7D\" data-brz-hover-reversible=\"true\" data-brz-hover-target=\"%22firstChild%22\"><a class=\"brz-a brz-btn brz-css-zH1SZ brz-css-hjwWW brz-css-oRcTV brz-css-nXh1p\" href=\"http:\/\/kancelaria-walczuk.pl\/index.php\/6b84d-charity-brizy-homepage-2-2-4-2-2-2-2\/\" target=\"_self\" rel=\"noopener\" data-brz-link-type=\"external\" data-brz-custom-id=\"xuqnzdpsbqrpckobxgldlrtdyqkdopzbrxnp\"><span data-brz-translate-text=\"1\" class=\"brz-span brz-text__editor\">Czytaj wi\u0119cej<\/span><\/a><\/div>\n<\/div>\n<\/div>\n<\/div>\n<\/div>\n<\/div>\n<\/div>\n<\/div>\n<div class=\"brz-row__container brz-css-wjj5e\" data-brz-custom-id=\"bpouhnpfnatxryaheyrspnopwydknqeozafj\">\n<div class=\"brz-bg\"><\/div>\n<div class=\"brz-row brz-css-iVKoI brz-css-xY0yT\">\n<div class=\"brz-columns brz-css-f8Kep brz-css-kYMaL\" data-brz-custom-id=\"gobavfghttpxwbeocsuwmyewsradbysatzsx\">\n<div class=\"brz-bg\">\n<div class=\"brz-bg-color\"><\/div>\n<\/div>\n<div class=\"brz-column__items brz-css-yqTZN brz-css-s7eID\">\n<div id=\"\" class=\"brz-css-hKaMx brz-wrapper\">\n<div class=\"brz-rich-text brz-rich-text__custom brz-css-qbNns\" data-brz-custom-id=\"yltxadwykzdlxzshsngeljqgskmpdimlnzjk\">\n<div data-brz-translate-text=\"1\">\n<h5 class=\"brz-fs-xs-im-16 brz-fs-sm-im-17 brz-fs-lg-20 brz-fw-xs-im-900 brz-fw-sm-im-900 brz-fw-lg-400 brz-ft-google brz-ff-noto_serif brz-ls-xs-im-0 brz-ls-sm-im-0 brz-ls-lg-0 brz-lh-xs-im-1_4 brz-lh-sm-im-1_4 brz-lh-lg-1_6 brz-text-lg-center brz-css-zik73\"><span class=\"brz-cp-color2\">JAK ODZYSKA\u0106 ZALEG\u0141E WYNAGRODZENIE ZA PRAC\u0118 I EKWIWALENT PIENI\u0118\u017bNY ZA NIEWYKORZYSTANY URLOP.<\/span><\/h5>\n<\/div>\n<\/div>\n<\/div>\n<div id=\"\" class=\"brz-css-hKaMx brz-wrapper\">\n<div class=\"brz-rich-text brz-rich-text__custom brz-css-qbNns\" data-brz-custom-id=\"kdzvxwkjaauxcbncnuhpdygrxupxhrymmpyr\">\n<div data-brz-translate-text=\"1\">\n<p class=\"brz-tp-paragraph brz-text-lg-center brz-css-lG7B2\">Praca, opr\u00f3cz zdrowia i rodziny, jest najwa\u017cniejsz\u0105 rzecz\u0105 w \u017cyciu cz\u0142owieka. Ka\u017cdy z nas za wykonan\u0105 przez nas prac\u0119 chce otrzyma\u0107 jak najlepsze wynagrodzenie i przede wszystkim t\u0105 prac\u0119 zachowa\u0107, dlatego pracujemy jak najci\u0119\u017cej umiemy. Czasami jednak potrzebna jest nam odrobina odpoczynku, aby zregenerowa\u0107 si\u0119 i nabra\u0107 energii do dalszej pracy.Czytaj wi\u0119cej<\/p>\n<\/div>\n<\/div>\n<\/div>\n<div class=\"brz-wrapper-clone brz-css-f0rEN\">\n<div class=\"brz-d-xs-flex brz-flex-xs-wrap brz-css-qS6FA\" data-brz-custom-id=\"\">\n<div class=\"brz-wrapper-clone__item\" id=\"oajkaignbjyollusconxtatlzeqfjlccbetp\">\n<div class=\"brz-hover-animation__container\" data-brz-hover-animationid=\"wzyadfdfufplgpugxheiylfqueukaixsrajm\" data-brz-hover-options=\"%7B%22duration%22:600,%22iterations%22:1%7D\" data-brz-hover-reversible=\"true\" data-brz-hover-target=\"%22firstChild%22\"><a class=\"brz-a brz-btn brz-css-zH1SZ brz-css-g_AYj brz-css-oRcTV brz-css-d6ECe\" href=\"http:\/\/kancelaria-walczuk.pl\/index.php\/6b84d-charity-brizy-homepage-2-2-4-2-2-2-2-2\/\" target=\"_self\" rel=\"noopener\" data-brz-link-type=\"external\" data-brz-custom-id=\"oajkaignbjyollusconxtatlzeqfjlccbetp\"><span data-brz-translate-text=\"1\" class=\"brz-span brz-text__editor\">Czytaj wi\u0119cej<\/span><\/a><\/div>\n<\/div>\n<\/div>\n<\/div>\n<\/div>\n<\/div>\n<div class=\"brz-columns brz-css-f8Kep brz-css-sz4H2\" data-brz-custom-id=\"fxkwqtwlhtfjsjswkokiputslkhuoodvluud\">\n<div class=\"brz-bg\">\n<div class=\"brz-bg-color\"><\/div>\n<\/div>\n<div class=\"brz-column__items brz-css-yqTZN brz-css-hMiOq\">\n<div id=\"\" class=\"brz-css-hKaMx brz-wrapper\">\n<div class=\"brz-rich-text brz-rich-text__custom brz-css-qbNns\" data-brz-custom-id=\"ibkijghkffxgsyakigtydijifelbogzquyoh\">\n<div data-brz-translate-text=\"1\">\n<h5 class=\"brz-text-lg-center brz-lh-lg-1_6 brz-lh-sm-im-1_4 brz-lh-xs-im-1_4 brz-ls-lg-0 brz-ls-sm-im-0 brz-ls-xs-im-0 brz-ff-noto_serif brz-ft-google brz-fw-lg-400 brz-fw-sm-im-900 brz-fw-xs-im-900 brz-fs-lg-20 brz-fs-sm-im-17 brz-fs-xs-im-16 brz-css-d7H8y\">JAK ODWO\u0141A\u0106 SI\u0118 OD DECYZJI UBEZPIECZYCIELA, KIEDY PRZYZNA NAM ZA NISKIE ODSZKODOWANIE LUB ZADO\u015a\u0106UCZYNIENIE LUB ODM\u00d3WI WYP\u0141ATY \u015aWIADCZENIA. <\/h5>\n<\/div>\n<\/div>\n<\/div>\n<div id=\"\" class=\"brz-css-hKaMx brz-wrapper\">\n<div class=\"brz-rich-text brz-rich-text__custom brz-css-qbNns\" data-brz-custom-id=\"ruvdsckmatpdnvwltrqtxgyrzcxoxzpfjgec\">\n<div data-brz-translate-text=\"1\">\n<p class=\"brz-tp-paragraph brz-text-lg-center brz-css-fTePn\">W swoim \u017cyciu bardzo cz\u0119sto dokonujemy ubezpieczenia siebie lub swojego maj\u0105tku, z uwagi na trosk\u0119 o zdrowie swoje i swoich bliskich, obaw\u0119 przed utrat\u0105 maj\u0105tku, b\u0105d\u017a gdy obowi\u0105zek ubezpieczenia nak\u0142adaj\u0105 na nas przepisy odpowiednich ustaw. W sytuacji, kiedy po naszej stronie powstanie szkoda, maj\u0105tkowa lub niemaj\u0105tkowa, zg\u0142aszamy si\u0119 do ubezpieczyciela, z kt\u00f3rym zawarli\u015bmy umow\u0119 ubezpieczenia, aby wyp\u0142aci\u0142 nam stosowne \u015bwiadczenie.Czytaj wi\u0119cej<\/p>\n<\/div>\n<\/div>\n<\/div>\n<div class=\"brz-wrapper-clone brz-css-f0rEN\">\n<div class=\"brz-d-xs-flex brz-flex-xs-wrap brz-css-qS6FA\" data-brz-custom-id=\"\">\n<div class=\"brz-wrapper-clone__item\" id=\"tlznzvmgmadoiqmkyemlutmevjfxqzpmztxj\">\n<div class=\"brz-hover-animation__container\" data-brz-hover-animationid=\"ceufzmzpudkxciurdemssrfifsmgvfaohwgm\" data-brz-hover-options=\"%7B%22duration%22:600,%22iterations%22:1%7D\" data-brz-hover-reversible=\"true\" data-brz-hover-target=\"%22firstChild%22\"><a class=\"brz-a brz-btn brz-css-zH1SZ brz-css-cJTnf brz-css-oRcTV brz-css-niNhV\" href=\"http:\/\/kancelaria-walczuk.pl\/index.php\/6b84d-charity-brizy-homepage-2-2-4-2-2-2-2-3\/\" target=\"_self\" rel=\"noopener\" data-brz-link-type=\"external\" data-brz-custom-id=\"tlznzvmgmadoiqmkyemlutmevjfxqzpmztxj\"><span data-brz-translate-text=\"1\" class=\"brz-span brz-text__editor\">Czytaj wi\u0119cej<\/span><\/a><\/div>\n<\/div>\n<\/div>\n<\/div>\n<\/div>\n<\/div>\n<\/div>\n<\/div>\n<\/div>\n<\/div>\n<\/section>\n<\/div>\n<p>    <!-- version:1733894450 --><\/p>\n","protected":false},"excerpt":{"rendered":"<p>Blog PRAWOMOCNY NAKAZ ZAP\u0141ATY WYDANY NA PODSTAWIE WEKSLA IN BLANCO \u2013 CZY JU\u017b WSZYSTKO STRACONE? Ka\u017cdemu z nas mo\u017ce zdarzy\u0107 si\u0119 trudniejsza sytuacja w \u017cyciu, je\u017celi chodzi o stan naszych finans\u00f3w. W takim wypadku szukamy pomocy u naszych najbli\u017cszych, rodziny czy przyjaci\u00f3\u0142, prosz\u0105c o udzielenie pomocy finansowej. Cz\u0119sto jednak rozwi\u0105zaniem w takiej sytuacji zostaje po\u017cyczki&hellip;&nbsp;<a href=\"https:\/\/kancelaria-walczuk.pl\/index.php\/6b84d-charity-brizy-homepage-2-2-4\/\" rel=\"bookmark\">Dowiedz si\u0119 wi\u0119cej &raquo;<span class=\"screen-reader-text\">Blog<\/span><\/a><\/p>\n","protected":false},"author":1,"featured_media":0,"parent":0,"menu_order":0,"comment_status":"closed","ping_status":"closed","template":"page-templates\/template-pagebuilder-full-width.php","meta":{"neve_meta_sidebar":"","neve_meta_container":"","neve_meta_enable_content_width":"","neve_meta_content_width":70,"neve_meta_title_alignment":"","neve_meta_author_avatar":"","neve_post_elements_order":"","neve_meta_disable_header":"","neve_meta_disable_footer":"","neve_meta_disable_title":"","footnotes":""},"class_list":["post-952","page","type-page","status-publish","hentry"],"brizy_media":[{"id":137,"url":"https:\/\/kancelaria-walczuk.pl\/wp-content\/uploads\/2019\/06\/abigail-keenan-27292-unsplash.jpg","name":"abigail-keenan-27292-unsplash.jpg","meta":{"brizy_attachment_uid":"wp-8e87f5b5bff31d25a4e428370040ea83","brizy_post_uid":["78d69da7b9ff3ef9c9dacf3b79c1b6ca"]}},{"id":138,"url":"https:\/\/kancelaria-walczuk.pl\/wp-content\/uploads\/2019\/06\/capturing-the-human-heart-227847-unsplash.jpg","name":"capturing-the-human-heart-227847-unsplash.jpg","meta":{"brizy_attachment_uid":"wp-c7c038b49de8244bb1606c98e4b06fc3","brizy_post_uid":["78d69da7b9ff3ef9c9dacf3b79c1b6ca"]}},{"id":139,"url":"https:\/\/kancelaria-walczuk.pl\/wp-content\/uploads\/2019\/06\/bill-wegener-391233-unsplash.jpg","name":"bill-wegener-391233-unsplash.jpg","meta":{"brizy_attachment_uid":"wp-3a69977451639fe7746ac85a1bfb7f4c","brizy_post_uid":["78d69da7b9ff3ef9c9dacf3b79c1b6ca"]}},{"id":140,"url":"https:\/\/kancelaria-walczuk.pl\/wp-content\/uploads\/2019\/06\/avel-chuklanov-686841-unsplash.jpg","name":"avel-chuklanov-686841-unsplash.jpg","meta":{"brizy_attachment_uid":"wp-6fe4dd9efd95cec9d96d964cb3ad8daf","brizy_post_uid":["78d69da7b9ff3ef9c9dacf3b79c1b6ca"]}},{"id":141,"url":"https:\/\/kancelaria-walczuk.pl\/wp-content\/uploads\/2019\/06\/annie-spratt-135307-unsplash.jpg","name":"annie-spratt-135307-unsplash.jpg","meta":{"brizy_attachment_uid":"wp-68f58d57dd4fd9c8b24e1c233a169c86","brizy_post_uid":["78d69da7b9ff3ef9c9dacf3b79c1b6ca"]}},{"id":142,"url":"https:\/\/kancelaria-walczuk.pl\/wp-content\/uploads\/2019\/06\/annie-spratt-427337-unsplash-1024x681-1.jpg","name":"annie-spratt-427337-unsplash-1024x681-1.jpg","meta":{"brizy_attachment_uid":"wp-cd4f2c746a7dff99b7890916a7e6da09","brizy_post_uid":["78d69da7b9ff3ef9c9dacf3b79c1b6ca"]}},{"id":187,"url":"https:\/\/kancelaria-walczuk.pl\/wp-content\/uploads\/2021\/01\/serious-mature-lawyer-reading-document-on-desk-in-the-courtroom-\u2014-kopia-scaled.jpg","name":"serious-mature-lawyer-reading-document-on-desk-in-the-courtroom-\u2014-kopia.jpg","meta":{"brizy_attachment_uid":"wp-4ec8388e581bc921de7efeef21c3b19b.jpg","brizy_post_uid":["78d69da7b9ff3ef9c9dacf3b79c1b6ca"]}},{"id":219,"url":"https:\/\/kancelaria-walczuk.pl\/wp-content\/uploads\/brizy\/149\/assets\/images\/8e27938eef48750b66f2c1642dc0c1a6b8eb64fa.jpeg","name":"8e27938eef48750b66f2c1642dc0c1a6b8eb64fa.jpeg","meta":{"brizy_attachment_uid":"8e27938eef48750b66f2c1642dc0c1a6b8eb64fa.jpeg","brizy_post_uid":["78d69da7b9ff3ef9c9dacf3b79c1b6ca"]}},{"id":220,"url":"https:\/\/kancelaria-walczuk.pl\/wp-content\/uploads\/brizy\/149\/assets\/images\/c6a70296fe7ba65ddd74e69dd73c638c5761f68b.jpeg","name":"c6a70296fe7ba65ddd74e69dd73c638c5761f68b.jpeg","meta":{"brizy_attachment_uid":"c6a70296fe7ba65ddd74e69dd73c638c5761f68b.jpeg","brizy_post_uid":["78d69da7b9ff3ef9c9dacf3b79c1b6ca"]}},{"id":221,"url":"https:\/\/kancelaria-walczuk.pl\/wp-content\/uploads\/brizy\/149\/assets\/images\/a6eff2e1248bc9f109698722d06cb14668d029d4.jpeg","name":"a6eff2e1248bc9f109698722d06cb14668d029d4.jpeg","meta":{"brizy_attachment_uid":"a6eff2e1248bc9f109698722d06cb14668d029d4.jpeg","brizy_post_uid":["78d69da7b9ff3ef9c9dacf3b79c1b6ca"]}},{"id":306,"url":"https:\/\/kancelaria-walczuk.pl\/wp-content\/uploads\/2021\/01\/court-hammer-books-judgment-law-concept-scaled-e1609701318275-720x1024-1.jpg","name":"court-hammer-books-judgment-law-concept-scaled-e1609701318275-720x1024-1.jpg","meta":{"brizy_attachment_uid":"wp-3ac584f4869164a3cbb61aea2c1ddaa6.jpg","brizy_post_uid":["78d69da7b9ff3ef9c9dacf3b79c1b6ca"]}},{"id":430,"url":"https:\/\/kancelaria-walczuk.pl\/wp-content\/uploads\/2021\/01\/parag.jpg","name":"parag.jpg","meta":{"brizy_attachment_uid":"wp-9601e7e4893ae5c27356151bb6c987ee.jpg","brizy_post_uid":["78d69da7b9ff3ef9c9dacf3b79c1b6ca"]}},{"id":500,"url":"https:\/\/kancelaria-walczuk.pl\/wp-content\/uploads\/2021\/01\/Beznazwy-1.jpg","name":"Beznazwy-1.jpg","meta":{"brizy_attachment_uid":"wp-e9815299647b61a44f379f3a25b5cdc8.jpg","brizy_post_uid":["78d69da7b9ff3ef9c9dacf3b79c1b6ca"]}},{"id":565,"url":"https:\/\/kancelaria-walczuk.pl\/wp-content\/uploads\/2021\/01\/mlotek-scaled.jpg","name":"mlotek.jpg","meta":{"brizy_attachment_uid":"wp-93d749c66a45726daab29abeda234e23.jpg","brizy_post_uid":["78d69da7b9ff3ef9c9dacf3b79c1b6ca"]}},{"id":574,"url":"https:\/\/kancelaria-walczuk.pl\/wp-content\/uploads\/2021\/01\/sub_selling_your_business.jpg","name":"sub_selling_your_business.jpg","meta":{"brizy_attachment_uid":"wp-4d9dff9f23abace20dc3d2b0f27b191e.jpg","brizy_post_uid":["78d69da7b9ff3ef9c9dacf3b79c1b6ca"]}},{"id":629,"url":"https:\/\/kancelaria-walczuk.pl\/wp-content\/uploads\/brizy\/605\/assets\/images\/1f0e63565b71c046a2b753528d54c137faaad949.jpeg","name":"1f0e63565b71c046a2b753528d54c137faaad949.jpeg","meta":{"brizy_attachment_uid":"1f0e63565b71c046a2b753528d54c137faaad949.jpeg","brizy_post_uid":["78d69da7b9ff3ef9c9dacf3b79c1b6ca"]}},{"id":630,"url":"https:\/\/kancelaria-walczuk.pl\/wp-content\/uploads\/brizy\/605\/assets\/images\/d3e637a2ecd213d20b7259a13ae31b1d1bd146fa.jpeg","name":"d3e637a2ecd213d20b7259a13ae31b1d1bd146fa.jpeg","meta":{"brizy_attachment_uid":"d3e637a2ecd213d20b7259a13ae31b1d1bd146fa.jpeg","brizy_post_uid":["78d69da7b9ff3ef9c9dacf3b79c1b6ca"]}},{"id":631,"url":"https:\/\/kancelaria-walczuk.pl\/wp-content\/uploads\/brizy\/605\/assets\/images\/32a61f3becbfc6ffe65fda9c27afd59d398ccb01.jpeg","name":"32a61f3becbfc6ffe65fda9c27afd59d398ccb01.jpeg","meta":{"brizy_attachment_uid":"32a61f3becbfc6ffe65fda9c27afd59d398ccb01.jpeg","brizy_post_uid":["78d69da7b9ff3ef9c9dacf3b79c1b6ca"]}},{"id":719,"url":"https:\/\/kancelaria-walczuk.pl\/wp-content\/uploads\/brizy\/605\/assets\/images\/dd81059582abb5710fa8ca1da32a825a4f4bc587.jpeg","name":"dd81059582abb5710fa8ca1da32a825a4f4bc587.jpeg","meta":{"brizy_attachment_uid":"dd81059582abb5710fa8ca1da32a825a4f4bc587.jpeg","brizy_post_uid":["78d69da7b9ff3ef9c9dacf3b79c1b6ca"]}},{"id":720,"url":"https:\/\/kancelaria-walczuk.pl\/wp-content\/uploads\/brizy\/605\/assets\/images\/e3959c03766425afcfa8bd16e72fb505b6221ae1.jpeg","name":"e3959c03766425afcfa8bd16e72fb505b6221ae1.jpeg","meta":{"brizy_attachment_uid":"e3959c03766425afcfa8bd16e72fb505b6221ae1.jpeg","brizy_post_uid":["78d69da7b9ff3ef9c9dacf3b79c1b6ca"]}},{"id":947,"url":"https:\/\/kancelaria-walczuk.pl\/wp-content\/uploads\/brizy\/852\/assets\/images\/920e5c1564cf73952005b9cec9bf405f11e2cee2.jpeg","name":"920e5c1564cf73952005b9cec9bf405f11e2cee2.jpeg","meta":{"brizy_attachment_uid":"920e5c1564cf73952005b9cec9bf405f11e2cee2.jpeg","brizy_post_uid":["78d69da7b9ff3ef9c9dacf3b79c1b6ca"]}},{"id":948,"url":"https:\/\/kancelaria-walczuk.pl\/wp-content\/uploads\/brizy\/852\/assets\/images\/46d0f3a91b12d935f7bc516a7a83e77c7dff302b.jpeg","name":"46d0f3a91b12d935f7bc516a7a83e77c7dff302b.jpeg","meta":{"brizy_attachment_uid":"46d0f3a91b12d935f7bc516a7a83e77c7dff302b.jpeg","brizy_post_uid":["78d69da7b9ff3ef9c9dacf3b79c1b6ca"]}},{"id":949,"url":"https:\/\/kancelaria-walczuk.pl\/wp-content\/uploads\/brizy\/852\/assets\/images\/5ed19f44527a8d24f3c9faafddb5a71e7e00d067.jpeg","name":"5ed19f44527a8d24f3c9faafddb5a71e7e00d067.jpeg","meta":{"brizy_attachment_uid":"5ed19f44527a8d24f3c9faafddb5a71e7e00d067.jpeg","brizy_post_uid":["78d69da7b9ff3ef9c9dacf3b79c1b6ca"]}},{"id":950,"url":"https:\/\/kancelaria-walczuk.pl\/wp-content\/uploads\/brizy\/852\/assets\/images\/8ea1d313879b777245777e356daaca4e5b5e7e64.jpeg","name":"8ea1d313879b777245777e356daaca4e5b5e7e64.jpeg","meta":{"brizy_attachment_uid":"8ea1d313879b777245777e356daaca4e5b5e7e64.jpeg","brizy_post_uid":["78d69da7b9ff3ef9c9dacf3b79c1b6ca"]}},{"id":967,"url":"https:\/\/kancelaria-walczuk.pl\/wp-content\/uploads\/brizy\/952\/assets\/images\/f1d5b9ba221f885cebd4219a14432290760d6cb3.jpeg","name":"f1d5b9ba221f885cebd4219a14432290760d6cb3.jpeg","meta":{"brizy_attachment_uid":"f1d5b9ba221f885cebd4219a14432290760d6cb3.jpeg","brizy_post_uid":["78d69da7b9ff3ef9c9dacf3b79c1b6ca"]}},{"id":968,"url":"https:\/\/kancelaria-walczuk.pl\/wp-content\/uploads\/brizy\/952\/assets\/images\/e24c12891fd453c58717e803fa1a0bc64b93fb51.jpeg","name":"e24c12891fd453c58717e803fa1a0bc64b93fb51.jpeg","meta":{"brizy_attachment_uid":"e24c12891fd453c58717e803fa1a0bc64b93fb51.jpeg","brizy_post_uid":["78d69da7b9ff3ef9c9dacf3b79c1b6ca"]}},{"id":969,"url":"https:\/\/kancelaria-walczuk.pl\/wp-content\/uploads\/brizy\/952\/assets\/images\/eefbdef5554305e6312a2ebb23d4d116c4454ab4.jpeg","name":"eefbdef5554305e6312a2ebb23d4d116c4454ab4.jpeg","meta":{"brizy_attachment_uid":"eefbdef5554305e6312a2ebb23d4d116c4454ab4.jpeg","brizy_post_uid":["78d69da7b9ff3ef9c9dacf3b79c1b6ca"]}},{"id":1039,"url":"https:\/\/kancelaria-walczuk.pl\/wp-content\/uploads\/2021\/01\/stamp-4969581_1920.jpg","name":"stamp-4969581_1920.jpg","meta":{"brizy_attachment_uid":"wp-3d5cdd3b14c9c7ff7a9728c1556657fc.jpg","brizy_post_uid":["78d69da7b9ff3ef9c9dacf3b79c1b6ca"]}}],"_links":{"self":[{"href":"https:\/\/kancelaria-walczuk.pl\/index.php\/wp-json\/wp\/v2\/pages\/952","targetHints":{"allow":["GET"]}}],"collection":[{"href":"https:\/\/kancelaria-walczuk.pl\/index.php\/wp-json\/wp\/v2\/pages"}],"about":[{"href":"https:\/\/kancelaria-walczuk.pl\/index.php\/wp-json\/wp\/v2\/types\/page"}],"author":[{"embeddable":true,"href":"https:\/\/kancelaria-walczuk.pl\/index.php\/wp-json\/wp\/v2\/users\/1"}],"replies":[{"embeddable":true,"href":"https:\/\/kancelaria-walczuk.pl\/index.php\/wp-json\/wp\/v2\/comments?post=952"}],"version-history":[{"count":13,"href":"https:\/\/kancelaria-walczuk.pl\/index.php\/wp-json\/wp\/v2\/pages\/952\/revisions"}],"predecessor-version":[{"id":1221,"href":"https:\/\/kancelaria-walczuk.pl\/index.php\/wp-json\/wp\/v2\/pages\/952\/revisions\/1221"}],"wp:attachment":[{"href":"https:\/\/kancelaria-walczuk.pl\/index.php\/wp-json\/wp\/v2\/media?parent=952"}],"curies":[{"name":"wp","href":"https:\/\/api.w.org\/{rel}","templated":true}]}}