{"id":394,"date":"2021-01-04T10:28:52","date_gmt":"2021-01-04T10:28:52","guid":{"rendered":"http:\/\/kancelaria-walczuk.pl\/?page_id=394"},"modified":"2026-04-07T14:50:26","modified_gmt":"2026-04-07T14:50:26","slug":"6b84d-charity-brizy-homepage-2-2-2","status":"publish","type":"page","link":"https:\/\/kancelaria-walczuk.pl\/index.php\/6b84d-charity-brizy-homepage-2-2-2\/","title":{"rendered":"Wsp\u00f3\u0142praca"},"content":{"rendered":"<div class=\"brz-root__container brz-reset-all brz\">\n<section id=\"about\" class=\"brz-section brz-css-m6E_Z\">\n<div class=\"brz-section__content brz-section--boxed brz-css-wUvIT brz-css-wJTtX\" data-brz-custom-id=\"epcmjzgbqzuevoswgvcfqmymxlslekqikjjb\">\n<div class=\"brz-bg\">\n<div class=\"brz-bg-image\"><\/div>\n<div class=\"brz-bg-color\"><\/div>\n<\/div>\n<div class=\"brz-container brz-css-p1Nwz\">\n<div id=\"\" class=\"brz-css-kkl3E brz-wrapper\">\n<div class=\"brz-rich-text brz-rich-text__custom brz-css-jDR9I\" data-brz-custom-id=\"dgzjadkekqkrdrzqxjecdfrbvkrnrecypnii\">\n<div data-brz-translate-text=\"1\">\n<h2 class=\"brz-text-lg-center brz-lh-lg-1 brz-lh-sm-im-1_3 brz-lh-xs-im-1_3 brz-ls-lg-0 brz-ls-sm-im-m_1 brz-ls-xs-im-m_1 brz-ff-noto_serif brz-ft-google brz-fw-lg-400 brz-fw-sm-im-400 brz-fw-xs-im-400 brz-fs-lg-40 brz-fs-sm-im-7 brz-fs-xs-im-7 brz-css-zomj2\"><span class=\"brz-cp-color8\">Wsp\u00f3\u0142praca z przedsi\u0119biorstwami<\/span><\/h2>\n<\/div>\n<\/div>\n<\/div>\n<\/div>\n<\/div>\n<\/section>\n<section id=\"_ncdnigqpjahnbvjisdfpsorghcdazoqxioyu\" class=\"brz-section brz-css-m6E_Z\">\n<div class=\"brz-section__content brz-section--boxed brz-css-wUvIT brz-css-tjUGL\" data-brz-custom-id=\"blauwcvjjacdriucqmdrlkufwedyhtkmipsm\">\n<div class=\"brz-bg\">\n<div class=\"brz-bg-image\"><\/div>\n<div class=\"brz-bg-color\"><\/div>\n<\/div>\n<div class=\"brz-container brz-css-p1Nwz brz-css-oKv6R\">\n<div class=\"brz-row__container brz-css-aLnuy\" data-brz-custom-id=\"qswpanhyoqthswxiedtruaasojksencrizih\">\n<div class=\"brz-bg\"><\/div>\n<div class=\"brz-row brz-css-iXsya brz-css-mEfcU\">\n<div class=\"brz-columns brz-css-aGl96 brz-css-jbaSp\" data-brz-custom-id=\"ggdmkhwqpefocqvssxubbwvstqfvoxnwxori\">\n<div class=\"brz-bg\">\n<div class=\"brz-bg-color\"><\/div>\n<\/div>\n<div class=\"brz-column__items brz-css-lhnqu\">\n<div class=\"brz-row__container brz-css-aLnuy\" data-brz-custom-id=\"pfyhwenfyapiplvsdxymohvvzzxxisgrkprg\">\n<div class=\"brz-bg\"><\/div>\n<div class=\"brz-row brz-row--inner brz-css-iXsya brz-css-mEfcU\">\n<div class=\"brz-columns brz-css-aGl96 brz-css-j28sS\" data-brz-custom-id=\"udxmmzukapztapgiovrwmnhstfpzmcdgumwb\">\n<div class=\"brz-bg\">\n<div class=\"brz-bg-color\"><\/div>\n<\/div>\n<div class=\"brz-column__items brz-css-lhnqu brz-css-al6LN\">\n<div id=\"\" class=\"brz-css-kkl3E brz-css-ycf7b brz-wrapper\">\n<div class=\"brz-rich-text brz-rich-text__custom brz-css-jDR9I\" data-brz-custom-id=\"jvdkchbvsnorafjjvcekimunykehrqdwchjg\">\n<div data-brz-translate-text=\"1\">\n<p class=\"brz-fs-xs-im-15 brz-fs-sm-im-18 brz-fs-lg-20 brz-fw-xs-im-900 brz-fw-sm-im-900 brz-fw-lg-700 brz-ft-google brz-ff-noto_serif brz-ls-xs-im-0 brz-ls-sm-im-0 brz-ls-lg-0 brz-lh-xs-im-1_4 brz-lh-sm-im-1_4 brz-lh-lg-1_4 brz-text-xs-center brz-css-w6swz\">\u00a7 Pe\u0142na obs\u0142uga prawna;<\/p>\n<\/div>\n<\/div>\n<\/div>\n<\/div>\n<\/div>\n<\/div>\n<\/div>\n<div class=\"brz-row__container brz-css-aLnuy\" data-brz-custom-id=\"hxnlqhmneenyuxjsmhojfmfytqdjcothvshf\">\n<div class=\"brz-bg\"><\/div>\n<div class=\"brz-row brz-row--inner brz-css-iXsya brz-css-mEfcU\">\n<div class=\"brz-columns brz-css-aGl96 brz-css-g0I__\" data-brz-custom-id=\"ysvexwonckpkljbzunbznwdvvvhpxifvpvob\">\n<div class=\"brz-bg\"><\/div>\n<div class=\"brz-column__items brz-css-lhnqu brz-css-jcBvR\">\n<div id=\"\" class=\"brz-css-kkl3E brz-css-bGlmk brz-wrapper\">\n<div class=\"brz-rich-text brz-rich-text__custom brz-css-jDR9I\" data-brz-custom-id=\"nyjjehjzybuqkluieovkzxwoblzxaqywkuzc\">\n<div data-brz-translate-text=\"1\">\n<p class=\"brz-fs-xs-im-15 brz-fs-sm-im-18 brz-fs-lg-20 brz-fw-xs-im-900 brz-fw-sm-im-900 brz-fw-lg-700 brz-ft-google brz-ff-noto_serif brz-ls-xs-im-0 brz-ls-sm-im-0 brz-ls-lg-0 brz-lh-xs-im-1_4 brz-lh-sm-im-1_4 brz-lh-lg-1_4 brz-text-xs-center brz-css-aoRUI\">\u00a7 Zast\u0119pstwo przed s\u0105dami i urz\u0119dami;<\/p>\n<\/div>\n<\/div>\n<\/div>\n<\/div>\n<\/div>\n<\/div>\n<\/div>\n<div class=\"brz-row__container brz-css-aLnuy\" data-brz-custom-id=\"yteyzhskpqcizdsloscqntbwrjfnzhqptvhl\">\n<div class=\"brz-bg\"><\/div>\n<div class=\"brz-row brz-row--inner brz-css-iXsya brz-css-mEfcU\">\n<div class=\"brz-columns brz-css-aGl96 brz-css-df02A\" data-brz-custom-id=\"pyvehjqhmvvtcxvtcdnyvapzbexiqbpixead\">\n<div class=\"brz-bg\">\n<div class=\"brz-bg-color\"><\/div>\n<\/div>\n<div class=\"brz-column__items brz-css-lhnqu brz-css-gCAJy\">\n<div id=\"\" class=\"brz-css-kkl3E brz-css-ohCes brz-wrapper\">\n<div class=\"brz-rich-text brz-rich-text__custom brz-css-jDR9I\" data-brz-custom-id=\"wzhqooggjxrzsnxjauxyshszyowwhyrhubjd\">\n<div data-brz-translate-text=\"1\">\n<p class=\"brz-fs-xs-im-15 brz-fs-sm-im-18 brz-fs-lg-20 brz-fw-xs-im-900 brz-fw-sm-im-900 brz-fw-lg-700 brz-ft-google brz-ff-noto_serif brz-ls-xs-im-0 brz-ls-sm-im-0 brz-ls-lg-0 brz-lh-xs-im-1_4 brz-lh-sm-im-1_4 brz-lh-lg-1_4 brz-text-xs-center brz-css-c2xSa\">\u00a7 Weryfikacja um\u00f3w, regulamin\u00f3w, statut\u00f3w;<\/p>\n<\/div>\n<\/div>\n<\/div>\n<\/div>\n<\/div>\n<\/div>\n<\/div>\n<div class=\"brz-row__container brz-css-aLnuy\" data-brz-custom-id=\"ujqrimccovyyycklaomenuwcgvcwpfcdvhau\">\n<div class=\"brz-bg\"><\/div>\n<div class=\"brz-row brz-row--inner brz-css-iXsya brz-css-mEfcU\">\n<div class=\"brz-columns brz-css-aGl96 brz-css-iECaV\" data-brz-custom-id=\"ymjsqakcsbttkmstjaslrklkvbccbszfdfnn\">\n<div class=\"brz-bg\"><\/div>\n<div class=\"brz-column__items brz-css-lhnqu brz-css-m1gUY\">\n<div id=\"\" class=\"brz-css-kkl3E brz-css-fQj3Y brz-wrapper\">\n<div class=\"brz-rich-text brz-rich-text__custom brz-css-jDR9I\" data-brz-custom-id=\"hxrilkvnexrjwlslqgtpymhkbkvlzsinmctb\">\n<div data-brz-translate-text=\"1\">\n<p class=\"brz-fs-xs-im-15 brz-fs-sm-im-18 brz-fs-lg-20 brz-text-xs-center brz-lh-lg-1_4 brz-lh-sm-im-1_4 brz-lh-xs-im-1_4 brz-ls-lg-0 brz-ls-sm-im-0 brz-ls-xs-im-0 brz-ff-noto_serif brz-ft-google brz-fw-lg-700 brz-fw-sm-im-900 brz-fw-xs-im-900 brz-css-zy2Or\">\u00a7 Pomoc z zakresu prawa pracy;<\/p>\n<\/div>\n<\/div>\n<\/div>\n<\/div>\n<\/div>\n<\/div>\n<\/div>\n<div class=\"brz-row__container brz-css-aLnuy\" data-brz-custom-id=\"hznifpfdgbkmmzbnvvmacdzdmcmeihsfnpby\">\n<div class=\"brz-bg\"><\/div>\n<div class=\"brz-row brz-row--inner brz-css-iXsya brz-css-mEfcU\">\n<div class=\"brz-columns brz-css-aGl96 brz-css-vYoNE\" data-brz-custom-id=\"ubnqdcvajpxkwsiqjfyhljqqxilzdrjwqwfq\">\n<div class=\"brz-bg\">\n<div class=\"brz-bg-color\"><\/div>\n<\/div>\n<div class=\"brz-column__items brz-css-lhnqu brz-css-go_Sl\">\n<div id=\"\" class=\"brz-css-kkl3E brz-css-jKZKD brz-wrapper\">\n<div class=\"brz-rich-text brz-rich-text__custom brz-css-jDR9I\" data-brz-custom-id=\"ttstequtzhcabourccseitslpsmimjeeqohg\">\n<div data-brz-translate-text=\"1\">\n<p class=\"brz-fs-xs-im-15 brz-fs-sm-im-18 brz-fs-lg-20 brz-fw-xs-im-900 brz-fw-sm-im-900 brz-fw-lg-700 brz-ft-google brz-ff-noto_serif brz-ls-xs-im-0 brz-ls-sm-im-0 brz-ls-lg-0 brz-lh-xs-im-1_4 brz-lh-sm-im-1_4 brz-lh-lg-1_4 brz-text-xs-center brz-css-lZwv9\">\u00a7 Interpretowanie przepis\u00f3w prawnych na potrzeby firmy;<\/p>\n<\/div>\n<\/div>\n<\/div>\n<\/div>\n<\/div>\n<\/div>\n<\/div>\n<\/div>\n<\/div>\n<div class=\"brz-columns brz-css-aGl96 brz-css-oJ_mf\" data-brz-custom-id=\"zqaxfmshmvsbrdzbmpfzbeagaydvbvfhldgj\">\n<div class=\"brz-bg\">\n<div class=\"brz-bg-color\"><\/div>\n<\/div>\n<div class=\"brz-column__items brz-css-lhnqu brz-css-f4mb5\">\n<div id=\"\" data-brz-iteration-count=\"1\" class=\"brz-css-kkl3E brz-wrapper brz-animated brz-css-lEgP7 brz-css-arxrq\" data-animationid=\"azdhyihcnmqnajbljmxcjjpaenfxdnpfgauf\">\n<div class=\"brz-image brz-css-jYFcb brz-css-gZNEu\" data-brz-custom-id=\"leascogxajdjytzjikhwckngotzqftmyhspg\"><img decoding=\"async\" class=\"brz-img\" src=\"http:\/\/kancelaria-walczuk.pl\/wp-content\/uploads\/brizy\/imgs\/parag-282x364x0x7x282x349x1609761849.jpg\" alt=\"\" loading=\"lazy\"><\/div>\n<\/div>\n<\/div>\n<\/div>\n<\/div>\n<\/div>\n<\/div>\n<\/div>\n<\/section>\n<\/div>\n<p>    <!-- version:1733894439 --><\/p>\n","protected":false},"excerpt":{"rendered":"<p>Wsp\u00f3\u0142praca z przedsi\u0119biorstwami \u00a7 Pe\u0142na obs\u0142uga prawna; \u00a7 Zast\u0119pstwo przed s\u0105dami i urz\u0119dami; \u00a7 Weryfikacja um\u00f3w, regulamin\u00f3w, statut\u00f3w; \u00a7 Pomoc z zakresu prawa pracy; \u00a7 Interpretowanie przepis\u00f3w prawnych na potrzeby firmy;<\/p>\n","protected":false},"author":1,"featured_media":0,"parent":0,"menu_order":0,"comment_status":"closed","ping_status":"closed","template":"page-templates\/template-pagebuilder-full-width.php","meta":{"neve_meta_sidebar":"","neve_meta_container":"","neve_meta_enable_content_width":"","neve_meta_content_width":70,"neve_meta_title_alignment":"","neve_meta_author_avatar":"","neve_post_elements_order":"","neve_meta_disable_header":"","neve_meta_disable_footer":"","neve_meta_disable_title":"","footnotes":""},"class_list":["post-394","page","type-page","status-publish","hentry"],"brizy_media":[{"id":137,"url":"https:\/\/kancelaria-walczuk.pl\/wp-content\/uploads\/2019\/06\/abigail-keenan-27292-unsplash.jpg","name":"abigail-keenan-27292-unsplash.jpg","meta":{"brizy_attachment_uid":"wp-8e87f5b5bff31d25a4e428370040ea83","brizy_post_uid":["78d69da7b9ff3ef9c9dacf3b79c1b6ca"]}},{"id":138,"url":"https:\/\/kancelaria-walczuk.pl\/wp-content\/uploads\/2019\/06\/capturing-the-human-heart-227847-unsplash.jpg","name":"capturing-the-human-heart-227847-unsplash.jpg","meta":{"brizy_attachment_uid":"wp-c7c038b49de8244bb1606c98e4b06fc3","brizy_post_uid":["78d69da7b9ff3ef9c9dacf3b79c1b6ca"]}},{"id":139,"url":"https:\/\/kancelaria-walczuk.pl\/wp-content\/uploads\/2019\/06\/bill-wegener-391233-unsplash.jpg","name":"bill-wegener-391233-unsplash.jpg","meta":{"brizy_attachment_uid":"wp-3a69977451639fe7746ac85a1bfb7f4c","brizy_post_uid":["78d69da7b9ff3ef9c9dacf3b79c1b6ca"]}},{"id":140,"url":"https:\/\/kancelaria-walczuk.pl\/wp-content\/uploads\/2019\/06\/avel-chuklanov-686841-unsplash.jpg","name":"avel-chuklanov-686841-unsplash.jpg","meta":{"brizy_attachment_uid":"wp-6fe4dd9efd95cec9d96d964cb3ad8daf","brizy_post_uid":["78d69da7b9ff3ef9c9dacf3b79c1b6ca"]}},{"id":141,"url":"https:\/\/kancelaria-walczuk.pl\/wp-content\/uploads\/2019\/06\/annie-spratt-135307-unsplash.jpg","name":"annie-spratt-135307-unsplash.jpg","meta":{"brizy_attachment_uid":"wp-68f58d57dd4fd9c8b24e1c233a169c86","brizy_post_uid":["78d69da7b9ff3ef9c9dacf3b79c1b6ca"]}},{"id":142,"url":"https:\/\/kancelaria-walczuk.pl\/wp-content\/uploads\/2019\/06\/annie-spratt-427337-unsplash-1024x681-1.jpg","name":"annie-spratt-427337-unsplash-1024x681-1.jpg","meta":{"brizy_attachment_uid":"wp-cd4f2c746a7dff99b7890916a7e6da09","brizy_post_uid":["78d69da7b9ff3ef9c9dacf3b79c1b6ca"]}},{"id":187,"url":"https:\/\/kancelaria-walczuk.pl\/wp-content\/uploads\/2021\/01\/serious-mature-lawyer-reading-document-on-desk-in-the-courtroom-\u2014-kopia-scaled.jpg","name":"serious-mature-lawyer-reading-document-on-desk-in-the-courtroom-\u2014-kopia.jpg","meta":{"brizy_attachment_uid":"wp-4ec8388e581bc921de7efeef21c3b19b.jpg","brizy_post_uid":["78d69da7b9ff3ef9c9dacf3b79c1b6ca"]}},{"id":219,"url":"https:\/\/kancelaria-walczuk.pl\/wp-content\/uploads\/brizy\/149\/assets\/images\/8e27938eef48750b66f2c1642dc0c1a6b8eb64fa.jpeg","name":"8e27938eef48750b66f2c1642dc0c1a6b8eb64fa.jpeg","meta":{"brizy_attachment_uid":"8e27938eef48750b66f2c1642dc0c1a6b8eb64fa.jpeg","brizy_post_uid":["78d69da7b9ff3ef9c9dacf3b79c1b6ca"]}},{"id":220,"url":"https:\/\/kancelaria-walczuk.pl\/wp-content\/uploads\/brizy\/149\/assets\/images\/c6a70296fe7ba65ddd74e69dd73c638c5761f68b.jpeg","name":"c6a70296fe7ba65ddd74e69dd73c638c5761f68b.jpeg","meta":{"brizy_attachment_uid":"c6a70296fe7ba65ddd74e69dd73c638c5761f68b.jpeg","brizy_post_uid":["78d69da7b9ff3ef9c9dacf3b79c1b6ca"]}},{"id":221,"url":"https:\/\/kancelaria-walczuk.pl\/wp-content\/uploads\/brizy\/149\/assets\/images\/a6eff2e1248bc9f109698722d06cb14668d029d4.jpeg","name":"a6eff2e1248bc9f109698722d06cb14668d029d4.jpeg","meta":{"brizy_attachment_uid":"a6eff2e1248bc9f109698722d06cb14668d029d4.jpeg","brizy_post_uid":["78d69da7b9ff3ef9c9dacf3b79c1b6ca"]}},{"id":306,"url":"https:\/\/kancelaria-walczuk.pl\/wp-content\/uploads\/2021\/01\/court-hammer-books-judgment-law-concept-scaled-e1609701318275-720x1024-1.jpg","name":"court-hammer-books-judgment-law-concept-scaled-e1609701318275-720x1024-1.jpg","meta":{"brizy_attachment_uid":"wp-3ac584f4869164a3cbb61aea2c1ddaa6.jpg","brizy_post_uid":["78d69da7b9ff3ef9c9dacf3b79c1b6ca"]}},{"id":430,"url":"https:\/\/kancelaria-walczuk.pl\/wp-content\/uploads\/2021\/01\/parag.jpg","name":"parag.jpg","meta":{"brizy_attachment_uid":"wp-9601e7e4893ae5c27356151bb6c987ee.jpg","brizy_post_uid":["78d69da7b9ff3ef9c9dacf3b79c1b6ca"]}},{"id":500,"url":"https:\/\/kancelaria-walczuk.pl\/wp-content\/uploads\/2021\/01\/Beznazwy-1.jpg","name":"Beznazwy-1.jpg","meta":{"brizy_attachment_uid":"wp-e9815299647b61a44f379f3a25b5cdc8.jpg","brizy_post_uid":["78d69da7b9ff3ef9c9dacf3b79c1b6ca"]}},{"id":565,"url":"https:\/\/kancelaria-walczuk.pl\/wp-content\/uploads\/2021\/01\/mlotek-scaled.jpg","name":"mlotek.jpg","meta":{"brizy_attachment_uid":"wp-93d749c66a45726daab29abeda234e23.jpg","brizy_post_uid":["78d69da7b9ff3ef9c9dacf3b79c1b6ca"]}},{"id":574,"url":"https:\/\/kancelaria-walczuk.pl\/wp-content\/uploads\/2021\/01\/sub_selling_your_business.jpg","name":"sub_selling_your_business.jpg","meta":{"brizy_attachment_uid":"wp-4d9dff9f23abace20dc3d2b0f27b191e.jpg","brizy_post_uid":["78d69da7b9ff3ef9c9dacf3b79c1b6ca"]}},{"id":629,"url":"https:\/\/kancelaria-walczuk.pl\/wp-content\/uploads\/brizy\/605\/assets\/images\/1f0e63565b71c046a2b753528d54c137faaad949.jpeg","name":"1f0e63565b71c046a2b753528d54c137faaad949.jpeg","meta":{"brizy_attachment_uid":"1f0e63565b71c046a2b753528d54c137faaad949.jpeg","brizy_post_uid":["78d69da7b9ff3ef9c9dacf3b79c1b6ca"]}},{"id":630,"url":"https:\/\/kancelaria-walczuk.pl\/wp-content\/uploads\/brizy\/605\/assets\/images\/d3e637a2ecd213d20b7259a13ae31b1d1bd146fa.jpeg","name":"d3e637a2ecd213d20b7259a13ae31b1d1bd146fa.jpeg","meta":{"brizy_attachment_uid":"d3e637a2ecd213d20b7259a13ae31b1d1bd146fa.jpeg","brizy_post_uid":["78d69da7b9ff3ef9c9dacf3b79c1b6ca"]}},{"id":631,"url":"https:\/\/kancelaria-walczuk.pl\/wp-content\/uploads\/brizy\/605\/assets\/images\/32a61f3becbfc6ffe65fda9c27afd59d398ccb01.jpeg","name":"32a61f3becbfc6ffe65fda9c27afd59d398ccb01.jpeg","meta":{"brizy_attachment_uid":"32a61f3becbfc6ffe65fda9c27afd59d398ccb01.jpeg","brizy_post_uid":["78d69da7b9ff3ef9c9dacf3b79c1b6ca"]}},{"id":719,"url":"https:\/\/kancelaria-walczuk.pl\/wp-content\/uploads\/brizy\/605\/assets\/images\/dd81059582abb5710fa8ca1da32a825a4f4bc587.jpeg","name":"dd81059582abb5710fa8ca1da32a825a4f4bc587.jpeg","meta":{"brizy_attachment_uid":"dd81059582abb5710fa8ca1da32a825a4f4bc587.jpeg","brizy_post_uid":["78d69da7b9ff3ef9c9dacf3b79c1b6ca"]}},{"id":720,"url":"https:\/\/kancelaria-walczuk.pl\/wp-content\/uploads\/brizy\/605\/assets\/images\/e3959c03766425afcfa8bd16e72fb505b6221ae1.jpeg","name":"e3959c03766425afcfa8bd16e72fb505b6221ae1.jpeg","meta":{"brizy_attachment_uid":"e3959c03766425afcfa8bd16e72fb505b6221ae1.jpeg","brizy_post_uid":["78d69da7b9ff3ef9c9dacf3b79c1b6ca"]}},{"id":947,"url":"https:\/\/kancelaria-walczuk.pl\/wp-content\/uploads\/brizy\/852\/assets\/images\/920e5c1564cf73952005b9cec9bf405f11e2cee2.jpeg","name":"920e5c1564cf73952005b9cec9bf405f11e2cee2.jpeg","meta":{"brizy_attachment_uid":"920e5c1564cf73952005b9cec9bf405f11e2cee2.jpeg","brizy_post_uid":["78d69da7b9ff3ef9c9dacf3b79c1b6ca"]}},{"id":948,"url":"https:\/\/kancelaria-walczuk.pl\/wp-content\/uploads\/brizy\/852\/assets\/images\/46d0f3a91b12d935f7bc516a7a83e77c7dff302b.jpeg","name":"46d0f3a91b12d935f7bc516a7a83e77c7dff302b.jpeg","meta":{"brizy_attachment_uid":"46d0f3a91b12d935f7bc516a7a83e77c7dff302b.jpeg","brizy_post_uid":["78d69da7b9ff3ef9c9dacf3b79c1b6ca"]}},{"id":949,"url":"https:\/\/kancelaria-walczuk.pl\/wp-content\/uploads\/brizy\/852\/assets\/images\/5ed19f44527a8d24f3c9faafddb5a71e7e00d067.jpeg","name":"5ed19f44527a8d24f3c9faafddb5a71e7e00d067.jpeg","meta":{"brizy_attachment_uid":"5ed19f44527a8d24f3c9faafddb5a71e7e00d067.jpeg","brizy_post_uid":["78d69da7b9ff3ef9c9dacf3b79c1b6ca"]}},{"id":950,"url":"https:\/\/kancelaria-walczuk.pl\/wp-content\/uploads\/brizy\/852\/assets\/images\/8ea1d313879b777245777e356daaca4e5b5e7e64.jpeg","name":"8ea1d313879b777245777e356daaca4e5b5e7e64.jpeg","meta":{"brizy_attachment_uid":"8ea1d313879b777245777e356daaca4e5b5e7e64.jpeg","brizy_post_uid":["78d69da7b9ff3ef9c9dacf3b79c1b6ca"]}},{"id":967,"url":"https:\/\/kancelaria-walczuk.pl\/wp-content\/uploads\/brizy\/952\/assets\/images\/f1d5b9ba221f885cebd4219a14432290760d6cb3.jpeg","name":"f1d5b9ba221f885cebd4219a14432290760d6cb3.jpeg","meta":{"brizy_attachment_uid":"f1d5b9ba221f885cebd4219a14432290760d6cb3.jpeg","brizy_post_uid":["78d69da7b9ff3ef9c9dacf3b79c1b6ca"]}},{"id":968,"url":"https:\/\/kancelaria-walczuk.pl\/wp-content\/uploads\/brizy\/952\/assets\/images\/e24c12891fd453c58717e803fa1a0bc64b93fb51.jpeg","name":"e24c12891fd453c58717e803fa1a0bc64b93fb51.jpeg","meta":{"brizy_attachment_uid":"e24c12891fd453c58717e803fa1a0bc64b93fb51.jpeg","brizy_post_uid":["78d69da7b9ff3ef9c9dacf3b79c1b6ca"]}},{"id":969,"url":"https:\/\/kancelaria-walczuk.pl\/wp-content\/uploads\/brizy\/952\/assets\/images\/eefbdef5554305e6312a2ebb23d4d116c4454ab4.jpeg","name":"eefbdef5554305e6312a2ebb23d4d116c4454ab4.jpeg","meta":{"brizy_attachment_uid":"eefbdef5554305e6312a2ebb23d4d116c4454ab4.jpeg","brizy_post_uid":["78d69da7b9ff3ef9c9dacf3b79c1b6ca"]}},{"id":1039,"url":"https:\/\/kancelaria-walczuk.pl\/wp-content\/uploads\/2021\/01\/stamp-4969581_1920.jpg","name":"stamp-4969581_1920.jpg","meta":{"brizy_attachment_uid":"wp-3d5cdd3b14c9c7ff7a9728c1556657fc.jpg","brizy_post_uid":["78d69da7b9ff3ef9c9dacf3b79c1b6ca"]}}],"_links":{"self":[{"href":"https:\/\/kancelaria-walczuk.pl\/index.php\/wp-json\/wp\/v2\/pages\/394","targetHints":{"allow":["GET"]}}],"collection":[{"href":"https:\/\/kancelaria-walczuk.pl\/index.php\/wp-json\/wp\/v2\/pages"}],"about":[{"href":"https:\/\/kancelaria-walczuk.pl\/index.php\/wp-json\/wp\/v2\/types\/page"}],"author":[{"embeddable":true,"href":"https:\/\/kancelaria-walczuk.pl\/index.php\/wp-json\/wp\/v2\/users\/1"}],"replies":[{"embeddable":true,"href":"https:\/\/kancelaria-walczuk.pl\/index.php\/wp-json\/wp\/v2\/comments?post=394"}],"version-history":[{"count":9,"href":"https:\/\/kancelaria-walczuk.pl\/index.php\/wp-json\/wp\/v2\/pages\/394\/revisions"}],"predecessor-version":[{"id":601,"href":"https:\/\/kancelaria-walczuk.pl\/index.php\/wp-json\/wp\/v2\/pages\/394\/revisions\/601"}],"wp:attachment":[{"href":"https:\/\/kancelaria-walczuk.pl\/index.php\/wp-json\/wp\/v2\/media?parent=394"}],"curies":[{"name":"wp","href":"https:\/\/api.w.org\/{rel}","templated":true}]}}