{"id":131,"date":"2019-06-07T09:17:25","date_gmt":"2019-06-07T09:17:25","guid":{"rendered":"https:\/\/demosites.io\/charity-brizy\/?page_id=131"},"modified":"2026-04-07T01:00:30","modified_gmt":"2026-04-07T01:00:30","slug":"6b84d-charity-brizy-homepage","status":"publish","type":"page","link":"https:\/\/kancelaria-walczuk.pl\/","title":{"rendered":"O kancelarii"},"content":{"rendered":"<div class=\"brz-root__container brz-reset-all brz\">\n<section id=\"_fcatelcoogkalquxysrptzhtmjqrcphlnpna\" class=\"brz-section brz-css-oO1sX\">\n<div class=\"brz-section__content brz-section--boxed brz-css-keo7Z brz-css-cboqz\" data-brz-custom-id=\"ruqdaofmtlsiwkgxsnyluxgxtrbedjdvsjfv\">\n<div class=\"brz-bg\">\n<div class=\"brz-bg-image\"><\/div>\n<div class=\"brz-bg-color\"><\/div>\n<\/div>\n<div class=\"brz-container brz-css-yfEv0\">\n<div class=\"brz-row__container brz-css-gxnqD\" data-brz-custom-id=\"mjrtqwhduztjuvmwvuullxmfxvjtffcbcddq\">\n<div class=\"brz-bg\"><\/div>\n<div class=\"brz-row brz-css-t96eN brz-css-ffcK7\">\n<div class=\"brz-columns brz-css-fCeZ1 brz-css-r_y0G\" data-brz-custom-id=\"gzfmmvozkvulealkfgmegddaltjoopbogigp\">\n<div class=\"brz-bg\"><\/div>\n<div class=\"brz-column__items brz-css-oy1gA\">\n<div id=\"\" class=\"brz-css-pxWHk brz-wrapper\">\n<div class=\"brz-rich-text brz-rich-text__custom brz-css-ehkPN\" data-brz-custom-id=\"xetdmvoswwrpsrcktuiqnqgjoqlteeirmlwa\">\n<div data-brz-translate-text=\"1\">\n<p class=\"brz-lh-lg-1 brz-lh-sm-im-1_3 brz-lh-xs-im-1_3 brz-ls-lg-0 brz-ls-sm-im-m_1 brz-ls-xs-im-m_1 brz-fs-lg-30 brz-fs-sm-im-7 brz-fs-xs-im-7 brz-ff-noto_serif brz-ft-google brz-fw-lg-400 brz-fw-sm-im-400 brz-fw-xs-im-400 brz-text-lg-center brz-css-eiKLA\"><strong class=\"brz-cp-color8\">Kancelaria Radcy Prawnego Karola Walczuka<\/strong><\/p>\n<\/div>\n<\/div>\n<\/div>\n<div id=\"\" class=\"brz-css-pxWHk brz-wrapper\">\n<div class=\"brz-rich-text brz-rich-text__custom brz-css-ehkPN\" data-brz-custom-id=\"sqewpjhizhzthbahieplcfcqicxuehneqbuu\">\n<div data-brz-translate-text=\"1\">\n<p class=\"brz-tp-paragraph brz-text-lg-center brz-css-s1dOD\"><strong class=\"brz-cp-color8\"> <\/strong><span class=\"brz-cp-color8\">\u015bwiadczy kompleksow\u0105 pomoc prawn\u0105 osobom fizycznym oraz przedsi\u0119biorcom, a&nbsp;tak\u017ce instytucjom i&nbsp;innym podmiotom oczekuj\u0105cym rzetelnej i&nbsp;profesjonalnej obs\u0142ugi prawnej. Siedziba Kancelarii mie\u015bci si\u0119 w Che\u0142mie przy ul. Lwowskiej 13F.<\/span><\/p>\n<p class=\"brz-tp-paragraph brz-text-lg-center brz-css-flOpC\"><span class=\"brz-cp-color8\"> <\/span><\/p>\n<p class=\"brz-tp-paragraph brz-text-lg-center brz-css-dVUAT\"><span class=\"brz-cp-color8\">W\u0142a\u015bcicielem Kancelarii jest radca prawny Karol Walczuk . Studia prawnicze uko\u0144czy\u0142 w 2010 r. na Wydziale Prawa, Prawa Kanonicznego i Administracji Katolickiego Uniwersytetu Lubelskiego Jana Paw\u0142a II z ocen\u0105 bardzo dobr\u0105 na dyplomie. W 2016 r. uko\u0144czy\u0142 studia podyplomowe z zakresu rachunkowo\u015bci i podatk\u00f3w na Wydziale Nauk Spo\u0142ecznych Katolickiego Uniwersytetu Lubelskiego Jana Paw\u0142a II. W latach 2016-2018 odbywa\u0142 aplikacj\u0119 radcowsk\u0105 przy Okr\u0119gowej Izbie Radc\u00f3w Prawnych w Lublinie, a w 2019 r. z\u0142o\u017cy\u0142 z wynikiem pozytywnym egzamin radcowski i uzyska\u0142 wpis na list\u0119 radc\u00f3w prawnych.<\/span><\/p>\n<p class=\"brz-tp-paragraph brz-text-lg-center brz-css-bfpGl\"><span class=\"brz-cp-color8\"> <\/span><\/p>\n<p class=\"brz-tp-paragraph brz-text-lg-center brz-css-nOV7S\"><span class=\"brz-cp-color8\">Na jego do\u015bwiadczenie zawodowe sk\u0142adaj\u0105 si\u0119 liczne sprawy prowadzone na rzecz indywidualnych Klient\u00f3w, a tak\u017ce prowadzone w ramach sta\u0142ej, kompleksowej obs\u0142ugi prawnej na rzecz przedsi\u0119biorc\u00f3w, jak i os\u00f3b fizycznych.<\/span><\/p>\n<p class=\"brz-tp-paragraph brz-text-lg-center brz-css-rbO_p\"><span class=\"brz-cp-color8\"> <\/span><\/p>\n<p class=\"brz-tp-paragraph brz-text-lg-center brz-css-qCfBb\"><span class=\"brz-cp-color8\">Kancelaria \u015bwiadczy pomoc prawn\u0105 na podstawie indywidualnych zlece\u0144 oraz sta\u0142ej obs\u0142ugi prawnej.<\/span><\/p>\n<p class=\"brz-tp-paragraph brz-text-lg-center brz-css-pqojd\"><\/p>\n<h1 class=\"brz-tp-paragraph brz-text-lg-center brz-css-l44VD\"><span class=\"brz-cp-color8\">Radca prawny Karol Walczuk za \u015bwiadczone przez siebie us\u0142ugi bierze pe\u0142n\u0105 odpowiedzialno\u015b\u0107,  tym odpowiedzialno\u015b\u0107 zawodow\u0105, a tak\u017ce podejmuje wszelkie starania, aby \u015bwiadczona pomoc prawna by\u0142a na jak najwy\u017cszym merytorycznym poziomie.<\/span><\/h1>\n<\/div>\n<\/div>\n<\/div>\n<div id=\"\" class=\"brz-css-pxWHk brz-css-yoD2l brz-css-nxKIh brz-wrapper\">\n<div class=\"brz-spacer brz-css-u7JbW brz-css-oci_f\"><\/div>\n<\/div>\n<\/div>\n<\/div>\n<\/div>\n<\/div>\n<\/div>\n<\/div>\n<\/section>\n<\/div>\n<p>    <!-- version:1733738986 --><\/p>\n","protected":false},"excerpt":{"rendered":"<p>Kancelaria Radcy Prawnego Karola Walczuka \u015bwiadczy kompleksow\u0105 pomoc prawn\u0105 osobom fizycznym oraz przedsi\u0119biorcom, a&nbsp;tak\u017ce instytucjom i&nbsp;innym podmiotom oczekuj\u0105cym rzetelnej i&nbsp;profesjonalnej obs\u0142ugi prawnej. Siedziba Kancelarii mie\u015bci si\u0119 w Che\u0142mie przy ul. Lwowskiej 13F. W\u0142a\u015bcicielem Kancelarii jest radca prawny Karol Walczuk . Studia prawnicze uko\u0144czy\u0142 w 2010 r. na Wydziale Prawa, Prawa Kanonicznego i Administracji Katolickiego Uniwersytetu&hellip;&nbsp;<a href=\"https:\/\/kancelaria-walczuk.pl\/\" rel=\"bookmark\">Dowiedz si\u0119 wi\u0119cej &raquo;<span class=\"screen-reader-text\">O kancelarii<\/span><\/a><\/p>\n","protected":false},"author":1,"featured_media":0,"parent":0,"menu_order":0,"comment_status":"closed","ping_status":"closed","template":"page-templates\/template-pagebuilder-full-width.php","meta":{"neve_meta_sidebar":"","neve_meta_container":"","neve_meta_enable_content_width":"","neve_meta_content_width":70,"neve_meta_title_alignment":"","neve_meta_author_avatar":"","neve_post_elements_order":"","neve_meta_disable_header":"","neve_meta_disable_footer":"","neve_meta_disable_title":"","footnotes":""},"class_list":["post-131","page","type-page","status-publish","hentry"],"brizy_media":[{"id":137,"url":"https:\/\/kancelaria-walczuk.pl\/wp-content\/uploads\/2019\/06\/abigail-keenan-27292-unsplash.jpg","name":"abigail-keenan-27292-unsplash.jpg","meta":{"brizy_attachment_uid":"wp-8e87f5b5bff31d25a4e428370040ea83","brizy_post_uid":["78d69da7b9ff3ef9c9dacf3b79c1b6ca"]}},{"id":138,"url":"https:\/\/kancelaria-walczuk.pl\/wp-content\/uploads\/2019\/06\/capturing-the-human-heart-227847-unsplash.jpg","name":"capturing-the-human-heart-227847-unsplash.jpg","meta":{"brizy_attachment_uid":"wp-c7c038b49de8244bb1606c98e4b06fc3","brizy_post_uid":["78d69da7b9ff3ef9c9dacf3b79c1b6ca"]}},{"id":139,"url":"https:\/\/kancelaria-walczuk.pl\/wp-content\/uploads\/2019\/06\/bill-wegener-391233-unsplash.jpg","name":"bill-wegener-391233-unsplash.jpg","meta":{"brizy_attachment_uid":"wp-3a69977451639fe7746ac85a1bfb7f4c","brizy_post_uid":["78d69da7b9ff3ef9c9dacf3b79c1b6ca"]}},{"id":140,"url":"https:\/\/kancelaria-walczuk.pl\/wp-content\/uploads\/2019\/06\/avel-chuklanov-686841-unsplash.jpg","name":"avel-chuklanov-686841-unsplash.jpg","meta":{"brizy_attachment_uid":"wp-6fe4dd9efd95cec9d96d964cb3ad8daf","brizy_post_uid":["78d69da7b9ff3ef9c9dacf3b79c1b6ca"]}},{"id":141,"url":"https:\/\/kancelaria-walczuk.pl\/wp-content\/uploads\/2019\/06\/annie-spratt-135307-unsplash.jpg","name":"annie-spratt-135307-unsplash.jpg","meta":{"brizy_attachment_uid":"wp-68f58d57dd4fd9c8b24e1c233a169c86","brizy_post_uid":["78d69da7b9ff3ef9c9dacf3b79c1b6ca"]}},{"id":142,"url":"https:\/\/kancelaria-walczuk.pl\/wp-content\/uploads\/2019\/06\/annie-spratt-427337-unsplash-1024x681-1.jpg","name":"annie-spratt-427337-unsplash-1024x681-1.jpg","meta":{"brizy_attachment_uid":"wp-cd4f2c746a7dff99b7890916a7e6da09","brizy_post_uid":["78d69da7b9ff3ef9c9dacf3b79c1b6ca"]}},{"id":187,"url":"https:\/\/kancelaria-walczuk.pl\/wp-content\/uploads\/2021\/01\/serious-mature-lawyer-reading-document-on-desk-in-the-courtroom-\u2014-kopia-scaled.jpg","name":"serious-mature-lawyer-reading-document-on-desk-in-the-courtroom-\u2014-kopia.jpg","meta":{"brizy_attachment_uid":"wp-4ec8388e581bc921de7efeef21c3b19b.jpg","brizy_post_uid":["78d69da7b9ff3ef9c9dacf3b79c1b6ca"]}},{"id":219,"url":"https:\/\/kancelaria-walczuk.pl\/wp-content\/uploads\/brizy\/149\/assets\/images\/8e27938eef48750b66f2c1642dc0c1a6b8eb64fa.jpeg","name":"8e27938eef48750b66f2c1642dc0c1a6b8eb64fa.jpeg","meta":{"brizy_attachment_uid":"8e27938eef48750b66f2c1642dc0c1a6b8eb64fa.jpeg","brizy_post_uid":["78d69da7b9ff3ef9c9dacf3b79c1b6ca"]}},{"id":220,"url":"https:\/\/kancelaria-walczuk.pl\/wp-content\/uploads\/brizy\/149\/assets\/images\/c6a70296fe7ba65ddd74e69dd73c638c5761f68b.jpeg","name":"c6a70296fe7ba65ddd74e69dd73c638c5761f68b.jpeg","meta":{"brizy_attachment_uid":"c6a70296fe7ba65ddd74e69dd73c638c5761f68b.jpeg","brizy_post_uid":["78d69da7b9ff3ef9c9dacf3b79c1b6ca"]}},{"id":221,"url":"https:\/\/kancelaria-walczuk.pl\/wp-content\/uploads\/brizy\/149\/assets\/images\/a6eff2e1248bc9f109698722d06cb14668d029d4.jpeg","name":"a6eff2e1248bc9f109698722d06cb14668d029d4.jpeg","meta":{"brizy_attachment_uid":"a6eff2e1248bc9f109698722d06cb14668d029d4.jpeg","brizy_post_uid":["78d69da7b9ff3ef9c9dacf3b79c1b6ca"]}},{"id":306,"url":"https:\/\/kancelaria-walczuk.pl\/wp-content\/uploads\/2021\/01\/court-hammer-books-judgment-law-concept-scaled-e1609701318275-720x1024-1.jpg","name":"court-hammer-books-judgment-law-concept-scaled-e1609701318275-720x1024-1.jpg","meta":{"brizy_attachment_uid":"wp-3ac584f4869164a3cbb61aea2c1ddaa6.jpg","brizy_post_uid":["78d69da7b9ff3ef9c9dacf3b79c1b6ca"]}},{"id":430,"url":"https:\/\/kancelaria-walczuk.pl\/wp-content\/uploads\/2021\/01\/parag.jpg","name":"parag.jpg","meta":{"brizy_attachment_uid":"wp-9601e7e4893ae5c27356151bb6c987ee.jpg","brizy_post_uid":["78d69da7b9ff3ef9c9dacf3b79c1b6ca"]}},{"id":500,"url":"https:\/\/kancelaria-walczuk.pl\/wp-content\/uploads\/2021\/01\/Beznazwy-1.jpg","name":"Beznazwy-1.jpg","meta":{"brizy_attachment_uid":"wp-e9815299647b61a44f379f3a25b5cdc8.jpg","brizy_post_uid":["78d69da7b9ff3ef9c9dacf3b79c1b6ca"]}},{"id":565,"url":"https:\/\/kancelaria-walczuk.pl\/wp-content\/uploads\/2021\/01\/mlotek-scaled.jpg","name":"mlotek.jpg","meta":{"brizy_attachment_uid":"wp-93d749c66a45726daab29abeda234e23.jpg","brizy_post_uid":["78d69da7b9ff3ef9c9dacf3b79c1b6ca"]}},{"id":574,"url":"https:\/\/kancelaria-walczuk.pl\/wp-content\/uploads\/2021\/01\/sub_selling_your_business.jpg","name":"sub_selling_your_business.jpg","meta":{"brizy_attachment_uid":"wp-4d9dff9f23abace20dc3d2b0f27b191e.jpg","brizy_post_uid":["78d69da7b9ff3ef9c9dacf3b79c1b6ca"]}},{"id":629,"url":"https:\/\/kancelaria-walczuk.pl\/wp-content\/uploads\/brizy\/605\/assets\/images\/1f0e63565b71c046a2b753528d54c137faaad949.jpeg","name":"1f0e63565b71c046a2b753528d54c137faaad949.jpeg","meta":{"brizy_attachment_uid":"1f0e63565b71c046a2b753528d54c137faaad949.jpeg","brizy_post_uid":["78d69da7b9ff3ef9c9dacf3b79c1b6ca"]}},{"id":630,"url":"https:\/\/kancelaria-walczuk.pl\/wp-content\/uploads\/brizy\/605\/assets\/images\/d3e637a2ecd213d20b7259a13ae31b1d1bd146fa.jpeg","name":"d3e637a2ecd213d20b7259a13ae31b1d1bd146fa.jpeg","meta":{"brizy_attachment_uid":"d3e637a2ecd213d20b7259a13ae31b1d1bd146fa.jpeg","brizy_post_uid":["78d69da7b9ff3ef9c9dacf3b79c1b6ca"]}},{"id":631,"url":"https:\/\/kancelaria-walczuk.pl\/wp-content\/uploads\/brizy\/605\/assets\/images\/32a61f3becbfc6ffe65fda9c27afd59d398ccb01.jpeg","name":"32a61f3becbfc6ffe65fda9c27afd59d398ccb01.jpeg","meta":{"brizy_attachment_uid":"32a61f3becbfc6ffe65fda9c27afd59d398ccb01.jpeg","brizy_post_uid":["78d69da7b9ff3ef9c9dacf3b79c1b6ca"]}},{"id":719,"url":"https:\/\/kancelaria-walczuk.pl\/wp-content\/uploads\/brizy\/605\/assets\/images\/dd81059582abb5710fa8ca1da32a825a4f4bc587.jpeg","name":"dd81059582abb5710fa8ca1da32a825a4f4bc587.jpeg","meta":{"brizy_attachment_uid":"dd81059582abb5710fa8ca1da32a825a4f4bc587.jpeg","brizy_post_uid":["78d69da7b9ff3ef9c9dacf3b79c1b6ca"]}},{"id":720,"url":"https:\/\/kancelaria-walczuk.pl\/wp-content\/uploads\/brizy\/605\/assets\/images\/e3959c03766425afcfa8bd16e72fb505b6221ae1.jpeg","name":"e3959c03766425afcfa8bd16e72fb505b6221ae1.jpeg","meta":{"brizy_attachment_uid":"e3959c03766425afcfa8bd16e72fb505b6221ae1.jpeg","brizy_post_uid":["78d69da7b9ff3ef9c9dacf3b79c1b6ca"]}},{"id":947,"url":"https:\/\/kancelaria-walczuk.pl\/wp-content\/uploads\/brizy\/852\/assets\/images\/920e5c1564cf73952005b9cec9bf405f11e2cee2.jpeg","name":"920e5c1564cf73952005b9cec9bf405f11e2cee2.jpeg","meta":{"brizy_attachment_uid":"920e5c1564cf73952005b9cec9bf405f11e2cee2.jpeg","brizy_post_uid":["78d69da7b9ff3ef9c9dacf3b79c1b6ca"]}},{"id":948,"url":"https:\/\/kancelaria-walczuk.pl\/wp-content\/uploads\/brizy\/852\/assets\/images\/46d0f3a91b12d935f7bc516a7a83e77c7dff302b.jpeg","name":"46d0f3a91b12d935f7bc516a7a83e77c7dff302b.jpeg","meta":{"brizy_attachment_uid":"46d0f3a91b12d935f7bc516a7a83e77c7dff302b.jpeg","brizy_post_uid":["78d69da7b9ff3ef9c9dacf3b79c1b6ca"]}},{"id":949,"url":"https:\/\/kancelaria-walczuk.pl\/wp-content\/uploads\/brizy\/852\/assets\/images\/5ed19f44527a8d24f3c9faafddb5a71e7e00d067.jpeg","name":"5ed19f44527a8d24f3c9faafddb5a71e7e00d067.jpeg","meta":{"brizy_attachment_uid":"5ed19f44527a8d24f3c9faafddb5a71e7e00d067.jpeg","brizy_post_uid":["78d69da7b9ff3ef9c9dacf3b79c1b6ca"]}},{"id":950,"url":"https:\/\/kancelaria-walczuk.pl\/wp-content\/uploads\/brizy\/852\/assets\/images\/8ea1d313879b777245777e356daaca4e5b5e7e64.jpeg","name":"8ea1d313879b777245777e356daaca4e5b5e7e64.jpeg","meta":{"brizy_attachment_uid":"8ea1d313879b777245777e356daaca4e5b5e7e64.jpeg","brizy_post_uid":["78d69da7b9ff3ef9c9dacf3b79c1b6ca"]}},{"id":967,"url":"https:\/\/kancelaria-walczuk.pl\/wp-content\/uploads\/brizy\/952\/assets\/images\/f1d5b9ba221f885cebd4219a14432290760d6cb3.jpeg","name":"f1d5b9ba221f885cebd4219a14432290760d6cb3.jpeg","meta":{"brizy_attachment_uid":"f1d5b9ba221f885cebd4219a14432290760d6cb3.jpeg","brizy_post_uid":["78d69da7b9ff3ef9c9dacf3b79c1b6ca"]}},{"id":968,"url":"https:\/\/kancelaria-walczuk.pl\/wp-content\/uploads\/brizy\/952\/assets\/images\/e24c12891fd453c58717e803fa1a0bc64b93fb51.jpeg","name":"e24c12891fd453c58717e803fa1a0bc64b93fb51.jpeg","meta":{"brizy_attachment_uid":"e24c12891fd453c58717e803fa1a0bc64b93fb51.jpeg","brizy_post_uid":["78d69da7b9ff3ef9c9dacf3b79c1b6ca"]}},{"id":969,"url":"https:\/\/kancelaria-walczuk.pl\/wp-content\/uploads\/brizy\/952\/assets\/images\/eefbdef5554305e6312a2ebb23d4d116c4454ab4.jpeg","name":"eefbdef5554305e6312a2ebb23d4d116c4454ab4.jpeg","meta":{"brizy_attachment_uid":"eefbdef5554305e6312a2ebb23d4d116c4454ab4.jpeg","brizy_post_uid":["78d69da7b9ff3ef9c9dacf3b79c1b6ca"]}},{"id":1039,"url":"https:\/\/kancelaria-walczuk.pl\/wp-content\/uploads\/2021\/01\/stamp-4969581_1920.jpg","name":"stamp-4969581_1920.jpg","meta":{"brizy_attachment_uid":"wp-3d5cdd3b14c9c7ff7a9728c1556657fc.jpg","brizy_post_uid":["78d69da7b9ff3ef9c9dacf3b79c1b6ca"]}}],"_links":{"self":[{"href":"https:\/\/kancelaria-walczuk.pl\/index.php\/wp-json\/wp\/v2\/pages\/131","targetHints":{"allow":["GET"]}}],"collection":[{"href":"https:\/\/kancelaria-walczuk.pl\/index.php\/wp-json\/wp\/v2\/pages"}],"about":[{"href":"https:\/\/kancelaria-walczuk.pl\/index.php\/wp-json\/wp\/v2\/types\/page"}],"author":[{"embeddable":true,"href":"https:\/\/kancelaria-walczuk.pl\/index.php\/wp-json\/wp\/v2\/users\/1"}],"replies":[{"embeddable":true,"href":"https:\/\/kancelaria-walczuk.pl\/index.php\/wp-json\/wp\/v2\/comments?post=131"}],"version-history":[{"count":5,"href":"https:\/\/kancelaria-walczuk.pl\/index.php\/wp-json\/wp\/v2\/pages\/131\/revisions"}],"predecessor-version":[{"id":199,"href":"https:\/\/kancelaria-walczuk.pl\/index.php\/wp-json\/wp\/v2\/pages\/131\/revisions\/199"}],"wp:attachment":[{"href":"https:\/\/kancelaria-walczuk.pl\/index.php\/wp-json\/wp\/v2\/media?parent=131"}],"curies":[{"name":"wp","href":"https:\/\/api.w.org\/{rel}","templated":true}]}}