{"id":1191,"date":"2021-01-10T15:05:56","date_gmt":"2021-01-10T15:05:56","guid":{"rendered":"http:\/\/kancelaria-walczuk.pl\/?page_id=1191"},"modified":"2026-04-12T02:03:38","modified_gmt":"2026-04-12T02:03:38","slug":"6b84d-charity-brizy-homepage-2-2-4-2-2-2-2-3","status":"publish","type":"page","link":"https:\/\/kancelaria-walczuk.pl\/index.php\/6b84d-charity-brizy-homepage-2-2-4-2-2-2-2-3\/","title":{"rendered":"JAK ODWO\u0141A\u0106 SI\u0118 OD DECYZJI UBEZPIECZYCIELA, KIEDY PRZYZNA NAM ZA NISKIE ODSZKODOWANIE LUB ZADO\u015a\u0106UCZYNIENIE LUB ODM\u00d3WI WYP\u0141ATY \u015aWIADCZENIA"},"content":{"rendered":"<div class=\"brz-root__container brz-reset-all brz\">\n<section id=\"about\" class=\"brz-section brz-css-jH3XB\">\n<div class=\"brz-section__content brz-section--boxed brz-css-roCms brz-css-xRvC_\" data-brz-custom-id=\"epcmjzgbqzuevoswgvcfqmymxlslekqikjjb\">\n<div class=\"brz-bg\">\n<div class=\"brz-bg-image\"><\/div>\n<div class=\"brz-bg-color\"><\/div>\n<\/div>\n<div class=\"brz-container brz-css-soIgX\">\n<div id=\"\" class=\"brz-css-qQ2u4 brz-wrapper\">\n<div class=\"brz-rich-text brz-rich-text__custom brz-css-h9Wzb\" data-brz-custom-id=\"dgzjadkekqkrdrzqxjecdfrbvkrnrecypnii\">\n<div data-brz-translate-text=\"1\">\n<p class=\"brz-css-obadR\"><\/p>\n<h2 class=\"brz-text-lg-center brz-ls-lg-0 brz-ls-sm-im-m_1 brz-ls-xs-im-m_1 brz-ff-noto_serif brz-ft-google brz-fw-lg-400 brz-fw-sm-im-400 brz-fw-xs-im-400 brz-fs-lg-40 brz-fs-sm-im-7 brz-fs-xs-im-7 brz-lh-lg-1_2 brz-lh-sm-im-1_5 brz-lh-xs-im-1_5 brz-css-aprjv\"><span class=\"brz-cp-color8\">JAK ODWO\u0141A\u0106 SI\u0118 OD DECYZJI UBEZPIECZYCIELA, KIEDY PRZYZNA NAM ZA NISKIE ODSZKODOWANIE LUB ZADO\u015a\u0106UCZYNIENIE LUB ODM\u00d3WI WYP\u0141ATY \u015aWIADCZENIA<\/span><\/h2>\n<\/div>\n<\/div>\n<\/div>\n<\/div>\n<\/div>\n<\/section>\n<section id=\"_igflsplzwsjlyxkmuikgdobyuovlibcguslc\" class=\"brz-section brz-css-jH3XB\">\n<div class=\"brz-section__content brz-section--boxed brz-css-roCms brz-css-exsXm\" data-brz-custom-id=\"pvmtbfmckwtdcnhasrwahtehtshkurfvkjgt\">\n<div class=\"brz-bg\">\n<div class=\"brz-bg-image\"><\/div>\n<div class=\"brz-bg-color\"><\/div>\n<\/div>\n<div class=\"brz-container brz-css-soIgX\">\n<div class=\"brz-row__container brz-css-iQuGo\" data-brz-custom-id=\"jsdgfdszgjfchplexbqjokjgacnokyleyugi\">\n<div class=\"brz-bg\"><\/div>\n<div class=\"brz-row brz-css-q2wbb brz-css-pbhat\">\n<div class=\"brz-columns brz-css-wRDRW brz-css-vdx1f\" data-brz-custom-id=\"undebappgycfntdjowuchueodkdqczgbhaqa\">\n<div class=\"brz-bg\">\n<div class=\"brz-bg-color\"><\/div>\n<\/div>\n<div class=\"brz-column__items brz-css-zeEAC brz-css-xWT39\">\n<div id=\"\" class=\"brz-css-qQ2u4 brz-wrapper\">\n<div class=\"brz-rich-text brz-rich-text__custom brz-css-h9Wzb\" data-brz-custom-id=\"rqypryxmprxwhwplowpvkslzhhqpsneyloko\">\n<div data-brz-translate-text=\"1\">\n<p class=\"brz-lh-lg-1_7 brz-lh-sm-im-1_8 brz-lh-xs-im-1_8 brz-fs-lg-16 brz-fs-sm-im-15 brz-fs-xs-im-15 brz-ff-noto_serif brz-ft-google brz-fw-lg-400 brz-fw-sm-im-400 brz-fw-xs-im-400 brz-css-aqZi8\">\t<strong>W swoim \u017cyciu bardzo cz\u0119sto dokonujemy ubezpieczenia siebie lub swojego maj\u0105tku, z uwagi na trosk\u0119 o zdrowie swoje i swoich bliskich, obaw\u0119 przed utrat\u0105 maj\u0105tku, b\u0105d\u017a gdy obowi\u0105zek ubezpieczenia nak\u0142adaj\u0105 na nas przepisy odpowiednich ustaw. <\/strong>W sytuacji, kiedy po naszej stronie powstanie szkoda, maj\u0105tkowa lub niemaj\u0105tkowa, zg\u0142aszamy si\u0119 do ubezpieczyciela, z kt\u00f3rym zawarli\u015bmy umow\u0119 ubezpieczenia, aby wyp\u0142aci\u0142 nam stosowne \u015bwiadczenie. W odpowiedzi dostajemy od ubezpieczyciela odpowied\u017a, w kt\u00f3rej przyznaje nam okre\u015blonej wysoko\u015bci \u015bwiadczenie pieni\u0119\u017cne w postaci odszkodowania lub zado\u015b\u0107uczynienia, kt\u00f3rego wysoko\u015b\u0107 podoba nam si\u0119 lub nie, b\u0105d\u017a w og\u00f3le odmawia wyp\u0142aty \u015bwiadczenia. Pojawia si\u0119 w tym momencie pytanie, w jaki spos\u00f3b dochodzi\u0107 nale\u017cnego nam \u015bwiadczenia, gdy nie chcemy od razu decydowa\u0107 si\u0119 na skierowanie sprawy na drog\u0119 post\u0119powania s\u0105dowego.<\/p>\n<p class=\"brz-lh-lg-1_7 brz-lh-sm-im-1_8 brz-lh-xs-im-1_8 brz-fs-lg-16 brz-fs-sm-im-15 brz-fs-xs-im-15 brz-ff-noto_serif brz-ft-google brz-fw-lg-400 brz-fw-sm-im-400 brz-fw-xs-im-400 brz-css-eAbky\">\n<p class=\"brz-lh-lg-1_7 brz-lh-sm-im-1_8 brz-lh-xs-im-1_8 brz-fs-lg-16 brz-fs-sm-im-15 brz-fs-xs-im-15 brz-ff-noto_serif brz-ft-google brz-fw-lg-400 brz-fw-sm-im-400 brz-fw-xs-im-400 brz-css-vdj6B\">\t<strong>W takim wypadku rozwi\u0105zaniem dla nas jest z\u0142o\u017cenie reklamacji do ubezpieczyciela na niekorzystn\u0105 dla nas decyzj\u0119 w przedmiocie wyp\u0142aty odszkodowania lub zado\u015b\u0107uczynienia.<\/strong> Zasady wnoszenia reklamacji s\u0105 regulowane przez przepisy ustawy o rozpatrywaniu reklamacji przez podmioty rynku finansowego i o Rzeczniku Finansowym, przez kt\u00f3re to podmioty finansowe zgodnie z ustaw\u0105 nale\u017cy rozumie\u0107 tak\u017ce krajowy zak\u0142ad ubezpiecze\u0144, zagraniczny zak\u0142ad ubezpiecze\u0144, g\u0142\u00f3wny oddzia\u0142 i oddzia\u0142 w rozumieniu ustawy z dnia 11 wrze\u015bnia 2015 r. o dzia\u0142alno\u015bci ubezpieczeniowej i reasekuracyjnej. Reklamacj\u0119 na decyzj\u0119 ubezpieczyciela mo\u017cemy z\u0142o\u017cy\u0107 w terminie 3 lat od czasu zdarzenia powoduj\u0105cego powstanie obowi\u0105zku odszkodowawczego po stronie ubezpieczyciela lub w terminie 20 lat od daty zdarzenia w przypadku szkody powsta\u0142ej na skutek przest\u0119pstwa. Przed z\u0142o\u017ceniem reklamacji warto zapozna\u0107 si\u0119 dok\u0142adnie z wcze\u015bniejsz\u0105 decyzj\u0105 ubezpieczyciela oraz poprosi\u0107 go o przes\u0142anie akt szkody celem zapoznania si\u0119 i jak najlepszego przygotowania reklamacji. Reklamacj\u0119 mo\u017cemy wnie\u015b\u0107 ustnie, pisemnie lub drog\u0105 elektroniczn\u0105, a w swojej tre\u015bci powinna zawiera\u0107 nasze dane osobowe, adres, numer likwidacji szkody, sprecyzowane roszczenie (jakiej kwoty si\u0119 domagamy), uzasadnienie dochodzonych roszcze\u0144 oraz oczywi\u015bcie podpis, gdy sk\u0142adamy j\u0105 w formie pisemnej. W przypadku, kiedy dochodzimy roszcze\u0144 zwi\u0105zanych ze szkod\u0105 maj\u0105tkow\u0105, warto zainwestowa\u0107 w opini\u0119 bieg\u0142ego rzeczoznawcy, aby mie\u0107 lepsze uzasadnienie dla dochodzenia swoich roszcze\u0144. Z\u0142o\u017cenie reklamacji jest w pe\u0142ni darmowe. Po wniesieniu reklamacji, ubezpieczyciel ma obowi\u0105zek rozpatrzy\u0107 j\u0105 w terminie 30 dni od dnia z\u0142o\u017cenia, a w sprawach szczeg\u00f3lnie skomplikowanych w terminie 60 dni od dnia z\u0142o\u017cenia. <\/p>\n<p class=\"brz-lh-lg-1_7 brz-lh-sm-im-1_8 brz-lh-xs-im-1_8 brz-fs-lg-16 brz-fs-sm-im-15 brz-fs-xs-im-15 brz-ff-noto_serif brz-ft-google brz-fw-lg-400 brz-fw-sm-im-400 brz-fw-xs-im-400 brz-css-taOh3\">\n<p class=\"brz-text-lg-justify brz-ls-xs-im-3 brz-ls-sm-im-3 brz-ls-lg-0 brz-lh-lg-1_7 brz-lh-sm-im-1_8 brz-lh-xs-im-1_8 brz-ff-noto_serif brz-ft-google brz-fw-lg-400 brz-fw-sm-im-400 brz-fw-xs-im-400 brz-fs-lg-16 brz-fs-sm-im-15 brz-fs-xs-im-15 brz-css-eTykL\">\t<strong>Reklamacja jest dobrym pomys\u0142em, je\u017celi nie chcemy od razu decydowa\u0107 si\u0119 na spraw\u0119 s\u0105dow\u0105, kt\u00f3ra wi\u0105\u017ce z konieczno\u015bci\u0105 ponoszenia koszt\u00f3w s\u0105dowych i nieraz d\u0142ugotrwa\u0142ym procesem. <\/strong>Oczywi\u015bcie podmioty z rynku ubezpiecze\u0144 nieraz twardo stoj\u0105 na swoim stanowisku i nie chc\u0105 uznawa\u0107 wniesionych reklamacji, jednak cz\u0119sto zdarza si\u0119, \u017ce wskazane podmioty, zdaj\u0105c sobie spraw\u0119 z mo\u017cliwo\u015bci przegranej na drodze s\u0105dowej, uznaj\u0105 wniesione reklamacje i wyp\u0142acaj\u0105 zwi\u0119kszone kwoty \u015bwiadcze\u0144. <\/p>\n<p class=\"brz-text-lg-justify brz-ls-xs-im-3 brz-ls-sm-im-3 brz-ls-lg-0 brz-lh-lg-1_7 brz-lh-sm-im-1_8 brz-lh-xs-im-1_8 brz-ff-noto_serif brz-ft-google brz-fw-lg-400 brz-fw-sm-im-400 brz-fw-xs-im-400 brz-fs-lg-18 brz-fs-sm-im-17 brz-fs-xs-im-17 brz-css-fM1M_\"><strong> Je\u017celi wi\u0119c chcesz wnie\u015b\u0107 reklamacj\u0119 od wniesionej decyzji ubezpieczyciela i potrzebujesz pomocy w jej napisaniu, zg\u0142o\u015b si\u0119, a pomog\u0119 Ci sporz\u0105dzi\u0107 stosown\u0105 apelacj\u0119. <\/strong><\/p>\n<\/div>\n<\/div>\n<\/div>\n<\/div>\n<\/div>\n<\/div>\n<\/div>\n<div id=\"\" class=\"brz-css-qQ2u4 brz-wrapper\">\n<div class=\"brz-menu-simple brz-css-lxt5l brz-css-piDkT\">\n<div style=\"min-height:20px\"><\/div>\n<\/div>\n<\/div>\n<\/div>\n<\/div>\n<\/section>\n<\/div>\n<p>    <!-- version:1738132560 --><\/p>\n","protected":false},"excerpt":{"rendered":"<p>JAK ODWO\u0141A\u0106 SI\u0118 OD DECYZJI UBEZPIECZYCIELA, KIEDY PRZYZNA NAM ZA NISKIE ODSZKODOWANIE LUB ZADO\u015a\u0106UCZYNIENIE LUB ODM\u00d3WI WYP\u0141ATY \u015aWIADCZENIA W swoim \u017cyciu bardzo cz\u0119sto dokonujemy ubezpieczenia siebie lub swojego maj\u0105tku, z uwagi na trosk\u0119 o zdrowie swoje i swoich bliskich, obaw\u0119 przed utrat\u0105 maj\u0105tku, b\u0105d\u017a gdy obowi\u0105zek ubezpieczenia nak\u0142adaj\u0105 na nas przepisy odpowiednich ustaw. W sytuacji,&hellip;&nbsp;<a href=\"https:\/\/kancelaria-walczuk.pl\/index.php\/6b84d-charity-brizy-homepage-2-2-4-2-2-2-2-3\/\" rel=\"bookmark\">Dowiedz si\u0119 wi\u0119cej &raquo;<span class=\"screen-reader-text\">JAK ODWO\u0141A\u0106 SI\u0118 OD DECYZJI UBEZPIECZYCIELA, KIEDY PRZYZNA NAM ZA NISKIE ODSZKODOWANIE LUB ZADO\u015a\u0106UCZYNIENIE LUB ODM\u00d3WI WYP\u0141ATY \u015aWIADCZENIA<\/span><\/a><\/p>\n","protected":false},"author":1,"featured_media":0,"parent":0,"menu_order":0,"comment_status":"closed","ping_status":"closed","template":"page-templates\/template-pagebuilder-full-width.php","meta":{"neve_meta_sidebar":"","neve_meta_container":"","neve_meta_enable_content_width":"","neve_meta_content_width":70,"neve_meta_title_alignment":"","neve_meta_author_avatar":"","neve_post_elements_order":"","neve_meta_disable_header":"","neve_meta_disable_footer":"","neve_meta_disable_title":"","footnotes":""},"class_list":["post-1191","page","type-page","status-publish","hentry"],"brizy_media":[{"id":137,"url":"https:\/\/kancelaria-walczuk.pl\/wp-content\/uploads\/2019\/06\/abigail-keenan-27292-unsplash.jpg","name":"abigail-keenan-27292-unsplash.jpg","meta":{"brizy_attachment_uid":"wp-8e87f5b5bff31d25a4e428370040ea83","brizy_post_uid":["78d69da7b9ff3ef9c9dacf3b79c1b6ca"]}},{"id":138,"url":"https:\/\/kancelaria-walczuk.pl\/wp-content\/uploads\/2019\/06\/capturing-the-human-heart-227847-unsplash.jpg","name":"capturing-the-human-heart-227847-unsplash.jpg","meta":{"brizy_attachment_uid":"wp-c7c038b49de8244bb1606c98e4b06fc3","brizy_post_uid":["78d69da7b9ff3ef9c9dacf3b79c1b6ca"]}},{"id":139,"url":"https:\/\/kancelaria-walczuk.pl\/wp-content\/uploads\/2019\/06\/bill-wegener-391233-unsplash.jpg","name":"bill-wegener-391233-unsplash.jpg","meta":{"brizy_attachment_uid":"wp-3a69977451639fe7746ac85a1bfb7f4c","brizy_post_uid":["78d69da7b9ff3ef9c9dacf3b79c1b6ca"]}},{"id":140,"url":"https:\/\/kancelaria-walczuk.pl\/wp-content\/uploads\/2019\/06\/avel-chuklanov-686841-unsplash.jpg","name":"avel-chuklanov-686841-unsplash.jpg","meta":{"brizy_attachment_uid":"wp-6fe4dd9efd95cec9d96d964cb3ad8daf","brizy_post_uid":["78d69da7b9ff3ef9c9dacf3b79c1b6ca"]}},{"id":141,"url":"https:\/\/kancelaria-walczuk.pl\/wp-content\/uploads\/2019\/06\/annie-spratt-135307-unsplash.jpg","name":"annie-spratt-135307-unsplash.jpg","meta":{"brizy_attachment_uid":"wp-68f58d57dd4fd9c8b24e1c233a169c86","brizy_post_uid":["78d69da7b9ff3ef9c9dacf3b79c1b6ca"]}},{"id":142,"url":"https:\/\/kancelaria-walczuk.pl\/wp-content\/uploads\/2019\/06\/annie-spratt-427337-unsplash-1024x681-1.jpg","name":"annie-spratt-427337-unsplash-1024x681-1.jpg","meta":{"brizy_attachment_uid":"wp-cd4f2c746a7dff99b7890916a7e6da09","brizy_post_uid":["78d69da7b9ff3ef9c9dacf3b79c1b6ca"]}},{"id":187,"url":"https:\/\/kancelaria-walczuk.pl\/wp-content\/uploads\/2021\/01\/serious-mature-lawyer-reading-document-on-desk-in-the-courtroom-\u2014-kopia-scaled.jpg","name":"serious-mature-lawyer-reading-document-on-desk-in-the-courtroom-\u2014-kopia.jpg","meta":{"brizy_attachment_uid":"wp-4ec8388e581bc921de7efeef21c3b19b.jpg","brizy_post_uid":["78d69da7b9ff3ef9c9dacf3b79c1b6ca"]}},{"id":219,"url":"https:\/\/kancelaria-walczuk.pl\/wp-content\/uploads\/brizy\/149\/assets\/images\/8e27938eef48750b66f2c1642dc0c1a6b8eb64fa.jpeg","name":"8e27938eef48750b66f2c1642dc0c1a6b8eb64fa.jpeg","meta":{"brizy_attachment_uid":"8e27938eef48750b66f2c1642dc0c1a6b8eb64fa.jpeg","brizy_post_uid":["78d69da7b9ff3ef9c9dacf3b79c1b6ca"]}},{"id":220,"url":"https:\/\/kancelaria-walczuk.pl\/wp-content\/uploads\/brizy\/149\/assets\/images\/c6a70296fe7ba65ddd74e69dd73c638c5761f68b.jpeg","name":"c6a70296fe7ba65ddd74e69dd73c638c5761f68b.jpeg","meta":{"brizy_attachment_uid":"c6a70296fe7ba65ddd74e69dd73c638c5761f68b.jpeg","brizy_post_uid":["78d69da7b9ff3ef9c9dacf3b79c1b6ca"]}},{"id":221,"url":"https:\/\/kancelaria-walczuk.pl\/wp-content\/uploads\/brizy\/149\/assets\/images\/a6eff2e1248bc9f109698722d06cb14668d029d4.jpeg","name":"a6eff2e1248bc9f109698722d06cb14668d029d4.jpeg","meta":{"brizy_attachment_uid":"a6eff2e1248bc9f109698722d06cb14668d029d4.jpeg","brizy_post_uid":["78d69da7b9ff3ef9c9dacf3b79c1b6ca"]}},{"id":306,"url":"https:\/\/kancelaria-walczuk.pl\/wp-content\/uploads\/2021\/01\/court-hammer-books-judgment-law-concept-scaled-e1609701318275-720x1024-1.jpg","name":"court-hammer-books-judgment-law-concept-scaled-e1609701318275-720x1024-1.jpg","meta":{"brizy_attachment_uid":"wp-3ac584f4869164a3cbb61aea2c1ddaa6.jpg","brizy_post_uid":["78d69da7b9ff3ef9c9dacf3b79c1b6ca"]}},{"id":430,"url":"https:\/\/kancelaria-walczuk.pl\/wp-content\/uploads\/2021\/01\/parag.jpg","name":"parag.jpg","meta":{"brizy_attachment_uid":"wp-9601e7e4893ae5c27356151bb6c987ee.jpg","brizy_post_uid":["78d69da7b9ff3ef9c9dacf3b79c1b6ca"]}},{"id":500,"url":"https:\/\/kancelaria-walczuk.pl\/wp-content\/uploads\/2021\/01\/Beznazwy-1.jpg","name":"Beznazwy-1.jpg","meta":{"brizy_attachment_uid":"wp-e9815299647b61a44f379f3a25b5cdc8.jpg","brizy_post_uid":["78d69da7b9ff3ef9c9dacf3b79c1b6ca"]}},{"id":565,"url":"https:\/\/kancelaria-walczuk.pl\/wp-content\/uploads\/2021\/01\/mlotek-scaled.jpg","name":"mlotek.jpg","meta":{"brizy_attachment_uid":"wp-93d749c66a45726daab29abeda234e23.jpg","brizy_post_uid":["78d69da7b9ff3ef9c9dacf3b79c1b6ca"]}},{"id":574,"url":"https:\/\/kancelaria-walczuk.pl\/wp-content\/uploads\/2021\/01\/sub_selling_your_business.jpg","name":"sub_selling_your_business.jpg","meta":{"brizy_attachment_uid":"wp-4d9dff9f23abace20dc3d2b0f27b191e.jpg","brizy_post_uid":["78d69da7b9ff3ef9c9dacf3b79c1b6ca"]}},{"id":629,"url":"https:\/\/kancelaria-walczuk.pl\/wp-content\/uploads\/brizy\/605\/assets\/images\/1f0e63565b71c046a2b753528d54c137faaad949.jpeg","name":"1f0e63565b71c046a2b753528d54c137faaad949.jpeg","meta":{"brizy_attachment_uid":"1f0e63565b71c046a2b753528d54c137faaad949.jpeg","brizy_post_uid":["78d69da7b9ff3ef9c9dacf3b79c1b6ca"]}},{"id":630,"url":"https:\/\/kancelaria-walczuk.pl\/wp-content\/uploads\/brizy\/605\/assets\/images\/d3e637a2ecd213d20b7259a13ae31b1d1bd146fa.jpeg","name":"d3e637a2ecd213d20b7259a13ae31b1d1bd146fa.jpeg","meta":{"brizy_attachment_uid":"d3e637a2ecd213d20b7259a13ae31b1d1bd146fa.jpeg","brizy_post_uid":["78d69da7b9ff3ef9c9dacf3b79c1b6ca"]}},{"id":631,"url":"https:\/\/kancelaria-walczuk.pl\/wp-content\/uploads\/brizy\/605\/assets\/images\/32a61f3becbfc6ffe65fda9c27afd59d398ccb01.jpeg","name":"32a61f3becbfc6ffe65fda9c27afd59d398ccb01.jpeg","meta":{"brizy_attachment_uid":"32a61f3becbfc6ffe65fda9c27afd59d398ccb01.jpeg","brizy_post_uid":["78d69da7b9ff3ef9c9dacf3b79c1b6ca"]}},{"id":719,"url":"https:\/\/kancelaria-walczuk.pl\/wp-content\/uploads\/brizy\/605\/assets\/images\/dd81059582abb5710fa8ca1da32a825a4f4bc587.jpeg","name":"dd81059582abb5710fa8ca1da32a825a4f4bc587.jpeg","meta":{"brizy_attachment_uid":"dd81059582abb5710fa8ca1da32a825a4f4bc587.jpeg","brizy_post_uid":["78d69da7b9ff3ef9c9dacf3b79c1b6ca"]}},{"id":720,"url":"https:\/\/kancelaria-walczuk.pl\/wp-content\/uploads\/brizy\/605\/assets\/images\/e3959c03766425afcfa8bd16e72fb505b6221ae1.jpeg","name":"e3959c03766425afcfa8bd16e72fb505b6221ae1.jpeg","meta":{"brizy_attachment_uid":"e3959c03766425afcfa8bd16e72fb505b6221ae1.jpeg","brizy_post_uid":["78d69da7b9ff3ef9c9dacf3b79c1b6ca"]}},{"id":947,"url":"https:\/\/kancelaria-walczuk.pl\/wp-content\/uploads\/brizy\/852\/assets\/images\/920e5c1564cf73952005b9cec9bf405f11e2cee2.jpeg","name":"920e5c1564cf73952005b9cec9bf405f11e2cee2.jpeg","meta":{"brizy_attachment_uid":"920e5c1564cf73952005b9cec9bf405f11e2cee2.jpeg","brizy_post_uid":["78d69da7b9ff3ef9c9dacf3b79c1b6ca"]}},{"id":948,"url":"https:\/\/kancelaria-walczuk.pl\/wp-content\/uploads\/brizy\/852\/assets\/images\/46d0f3a91b12d935f7bc516a7a83e77c7dff302b.jpeg","name":"46d0f3a91b12d935f7bc516a7a83e77c7dff302b.jpeg","meta":{"brizy_attachment_uid":"46d0f3a91b12d935f7bc516a7a83e77c7dff302b.jpeg","brizy_post_uid":["78d69da7b9ff3ef9c9dacf3b79c1b6ca"]}},{"id":949,"url":"https:\/\/kancelaria-walczuk.pl\/wp-content\/uploads\/brizy\/852\/assets\/images\/5ed19f44527a8d24f3c9faafddb5a71e7e00d067.jpeg","name":"5ed19f44527a8d24f3c9faafddb5a71e7e00d067.jpeg","meta":{"brizy_attachment_uid":"5ed19f44527a8d24f3c9faafddb5a71e7e00d067.jpeg","brizy_post_uid":["78d69da7b9ff3ef9c9dacf3b79c1b6ca"]}},{"id":950,"url":"https:\/\/kancelaria-walczuk.pl\/wp-content\/uploads\/brizy\/852\/assets\/images\/8ea1d313879b777245777e356daaca4e5b5e7e64.jpeg","name":"8ea1d313879b777245777e356daaca4e5b5e7e64.jpeg","meta":{"brizy_attachment_uid":"8ea1d313879b777245777e356daaca4e5b5e7e64.jpeg","brizy_post_uid":["78d69da7b9ff3ef9c9dacf3b79c1b6ca"]}},{"id":967,"url":"https:\/\/kancelaria-walczuk.pl\/wp-content\/uploads\/brizy\/952\/assets\/images\/f1d5b9ba221f885cebd4219a14432290760d6cb3.jpeg","name":"f1d5b9ba221f885cebd4219a14432290760d6cb3.jpeg","meta":{"brizy_attachment_uid":"f1d5b9ba221f885cebd4219a14432290760d6cb3.jpeg","brizy_post_uid":["78d69da7b9ff3ef9c9dacf3b79c1b6ca"]}},{"id":968,"url":"https:\/\/kancelaria-walczuk.pl\/wp-content\/uploads\/brizy\/952\/assets\/images\/e24c12891fd453c58717e803fa1a0bc64b93fb51.jpeg","name":"e24c12891fd453c58717e803fa1a0bc64b93fb51.jpeg","meta":{"brizy_attachment_uid":"e24c12891fd453c58717e803fa1a0bc64b93fb51.jpeg","brizy_post_uid":["78d69da7b9ff3ef9c9dacf3b79c1b6ca"]}},{"id":969,"url":"https:\/\/kancelaria-walczuk.pl\/wp-content\/uploads\/brizy\/952\/assets\/images\/eefbdef5554305e6312a2ebb23d4d116c4454ab4.jpeg","name":"eefbdef5554305e6312a2ebb23d4d116c4454ab4.jpeg","meta":{"brizy_attachment_uid":"eefbdef5554305e6312a2ebb23d4d116c4454ab4.jpeg","brizy_post_uid":["78d69da7b9ff3ef9c9dacf3b79c1b6ca"]}},{"id":1039,"url":"https:\/\/kancelaria-walczuk.pl\/wp-content\/uploads\/2021\/01\/stamp-4969581_1920.jpg","name":"stamp-4969581_1920.jpg","meta":{"brizy_attachment_uid":"wp-3d5cdd3b14c9c7ff7a9728c1556657fc.jpg","brizy_post_uid":["78d69da7b9ff3ef9c9dacf3b79c1b6ca"]}}],"_links":{"self":[{"href":"https:\/\/kancelaria-walczuk.pl\/index.php\/wp-json\/wp\/v2\/pages\/1191","targetHints":{"allow":["GET"]}}],"collection":[{"href":"https:\/\/kancelaria-walczuk.pl\/index.php\/wp-json\/wp\/v2\/pages"}],"about":[{"href":"https:\/\/kancelaria-walczuk.pl\/index.php\/wp-json\/wp\/v2\/types\/page"}],"author":[{"embeddable":true,"href":"https:\/\/kancelaria-walczuk.pl\/index.php\/wp-json\/wp\/v2\/users\/1"}],"replies":[{"embeddable":true,"href":"https:\/\/kancelaria-walczuk.pl\/index.php\/wp-json\/wp\/v2\/comments?post=1191"}],"version-history":[{"count":6,"href":"https:\/\/kancelaria-walczuk.pl\/index.php\/wp-json\/wp\/v2\/pages\/1191\/revisions"}],"predecessor-version":[{"id":1218,"href":"https:\/\/kancelaria-walczuk.pl\/index.php\/wp-json\/wp\/v2\/pages\/1191\/revisions\/1218"}],"wp:attachment":[{"href":"https:\/\/kancelaria-walczuk.pl\/index.php\/wp-json\/wp\/v2\/media?parent=1191"}],"curies":[{"name":"wp","href":"https:\/\/api.w.org\/{rel}","templated":true}]}}