{"id":1167,"date":"2021-01-10T15:02:12","date_gmt":"2021-01-10T15:02:12","guid":{"rendered":"http:\/\/kancelaria-walczuk.pl\/?page_id=1167"},"modified":"2026-04-12T05:34:20","modified_gmt":"2026-04-12T05:34:20","slug":"6b84d-charity-brizy-homepage-2-2-4-2-2-2-2-2","status":"publish","type":"page","link":"https:\/\/kancelaria-walczuk.pl\/index.php\/6b84d-charity-brizy-homepage-2-2-4-2-2-2-2-2\/","title":{"rendered":"JAK ODZYSKA\u0106 ZALEG\u0141E WYNAGRODZENIE ZA PRAC\u0118 I EKWIWALENT PIENI\u0118\u017bNY ZA NIEWYKORZYSTANY URLOP"},"content":{"rendered":"<div class=\"brz-root__container brz-reset-all brz\">\n<section id=\"about\" class=\"brz-section brz-css-o0EAb\">\n<div class=\"brz-section__content brz-section--boxed brz-css-cg7Ba brz-css-xx1bt\" data-brz-custom-id=\"epcmjzgbqzuevoswgvcfqmymxlslekqikjjb\">\n<div class=\"brz-bg\">\n<div class=\"brz-bg-image\"><\/div>\n<div class=\"brz-bg-color\"><\/div>\n<\/div>\n<div class=\"brz-container brz-css-ioLmd\">\n<div id=\"\" class=\"brz-css-bmc6X brz-wrapper\">\n<div class=\"brz-rich-text brz-rich-text__custom brz-css-qkTtH\" data-brz-custom-id=\"dgzjadkekqkrdrzqxjecdfrbvkrnrecypnii\">\n<div data-brz-translate-text=\"1\">\n<p class=\"brz-css-j0nDF\"><\/p>\n<h2 class=\"brz-text-lg-center brz-ls-lg-0 brz-ls-sm-im-m_1 brz-ls-xs-im-m_1 brz-ff-noto_serif brz-ft-google brz-fw-lg-400 brz-fw-sm-im-400 brz-fw-xs-im-400 brz-fs-lg-40 brz-fs-sm-im-7 brz-fs-xs-im-7 brz-lh-lg-1_2 brz-lh-sm-im-1_5 brz-lh-xs-im-1_5 brz-css-uyZxd\"><span class=\"brz-cp-color8\">JAK ODZYSKA\u0106 ZALEG\u0141E WYNAGRODZENIE ZA PRAC\u0118 I EKWIWALENT PIENI\u0118\u017bNY ZA NIEWYKORZYSTANY URLOP<\/span><\/h2>\n<\/div>\n<\/div>\n<\/div>\n<\/div>\n<\/div>\n<\/section>\n<section id=\"_igflsplzwsjlyxkmuikgdobyuovlibcguslc\" class=\"brz-section brz-css-o0EAb\">\n<div class=\"brz-section__content brz-section--boxed brz-css-cg7Ba brz-css-zGpAT\" data-brz-custom-id=\"pvmtbfmckwtdcnhasrwahtehtshkurfvkjgt\">\n<div class=\"brz-bg\">\n<div class=\"brz-bg-image\"><\/div>\n<div class=\"brz-bg-color\"><\/div>\n<\/div>\n<div class=\"brz-container brz-css-ioLmd\">\n<div class=\"brz-row__container brz-css-kXLn2\" data-brz-custom-id=\"jsdgfdszgjfchplexbqjokjgacnokyleyugi\">\n<div class=\"brz-bg\"><\/div>\n<div class=\"brz-row brz-css-c6esZ brz-css-ubUfc\">\n<div class=\"brz-columns brz-css-zdCqy brz-css-yl27Q\" data-brz-custom-id=\"undebappgycfntdjowuchueodkdqczgbhaqa\">\n<div class=\"brz-bg\">\n<div class=\"brz-bg-color\"><\/div>\n<\/div>\n<div class=\"brz-column__items brz-css-ysEPZ brz-css-aexkC\">\n<div id=\"\" class=\"brz-css-bmc6X brz-wrapper\">\n<div class=\"brz-rich-text brz-rich-text__custom brz-css-qkTtH\" data-brz-custom-id=\"rqypryxmprxwhwplowpvkslzhhqpsneyloko\">\n<div data-brz-translate-text=\"1\">\n<p class=\"brz-fs-lg-16 brz-fs-sm-im-17 brz-fs-xs-im-17 brz-ff-noto_serif brz-ft-google brz-fw-lg-400 brz-fw-sm-im-400 brz-fw-xs-im-400 brz-lh-lg-1_6 brz-lh-sm-im-1_7 brz-lh-xs-im-1_7 brz-css-hkewt\"><strong>\tPraca, opr\u00f3cz zdrowia i rodziny, jest najwa\u017cniejsz\u0105 rzecz\u0105 w \u017cyciu cz\u0142owieka. <\/strong>Ka\u017cdy z nas za wykonan\u0105 przez nas prac\u0119 chce otrzyma\u0107 jak najlepsze wynagrodzenie i przede wszystkim t\u0105 prac\u0119 zachowa\u0107, dlatego pracujemy jak najci\u0119\u017cej umiemy. Czasami jednak potrzebna jest nam odrobina odpoczynku, aby zregenerowa\u0107 si\u0119 i nabra\u0107 energii do dalszej pracy. W tym celu mamy prawo do skorzystania z urlopu wypoczynkowego. W \u017cyciu pojawiaj\u0105 si\u0119 jednak sytuacje, kiedy pracodawca nie wyp\u0142aca nam nale\u017cnego wynagrodzenia w ca\u0142o\u015bci lub cz\u0119\u015bci. Cz\u0119sto zdarzaj\u0105 si\u0119 r\u00f3wnie\u017c sytuacje, kiedy nie wykorzystujemy ca\u0142ego nale\u017cnego nam urlopu wypoczynkowego i po zako\u0144czeniu stosunku pracy pracodawca nie chce nam wyp\u0142aci\u0107 nale\u017cnego ekwiwalentu pieni\u0119\u017cnego. Pojawia si\u0119 wtedy pytanie, co robi\u0107 w takiej sytuacji i czy trudno odzyska\u0107 nale\u017cne nam pieni\u0105dze.<\/p>\n<p class=\"brz-fs-lg-16 brz-fs-sm-im-17 brz-fs-xs-im-17 brz-ff-noto_serif brz-ft-google brz-fw-lg-400 brz-fw-sm-im-400 brz-fw-xs-im-400 brz-lh-lg-1_6 brz-lh-sm-im-1_7 brz-lh-xs-im-1_7 brz-css-cQFZU\">\n<p class=\"brz-fs-lg-16 brz-fs-sm-im-17 brz-fs-xs-im-17 brz-ff-noto_serif brz-ft-google brz-fw-lg-400 brz-fw-sm-im-400 brz-fw-xs-im-400 brz-lh-lg-1_6 brz-lh-sm-im-1_7 brz-lh-xs-im-1_7 brz-css-v_V38\">\t<strong>Najlepszym wyj\u015bciem, kiedy pracodawca nie chce wyp\u0142aci\u0107 nale\u017cnych nam pieni\u0119dzy jest skierowanie sprawy na drog\u0119 post\u0119powania s\u0105dowego do s\u0105du pracy. <\/strong>Przez wspomniany s\u0105d pracy nale\u017cy rozumie\u0107 w\u0142a\u015bciwy miejscowo s\u0105d powszechny, w kt\u00f3rym jest s\u0105d pracy. W\u0142a\u015bciwym miejscowo s\u0105dem do skierowania pozwu przeciwko pracodawcy o zap\u0142at\u0119 wynagrodzenia lub ekwiwalentu pieni\u0119\u017cnego za urlop jest s\u0105d w\u0142a\u015bciwy ze wzgl\u0119du na siedzib\u0119 pracodawcy lub s\u0105d, w kt\u00f3rego obszarze w\u0142a\u015bciwo\u015bci praca by\u0142a lub w dalszym ci\u0105gu jest wykonywana. Nale\u017cy te\u017c bra\u0107 pod uwag\u0119 kwot\u0119 dochodzonego przez nas wynagrodzenia lub ekwiwalentu za prac\u0119, gdy\u017c je\u017celi b\u0119dzie ona ni\u017csza lub r\u00f3wna 75.000 z\u0142 to w\u0142a\u015bciwy do rozpoznania naszej sprawy b\u0119dzie s\u0105d rejonowy, a je\u017celi wy\u017csza od tej kwoty to w\u0142a\u015bciwy b\u0119dzie s\u0105d okr\u0119gowy. Zanim jednak skierujemy nasz\u0105 spraw\u0119 na drog\u0119 post\u0119powania s\u0105dowego, to warto uprzednio skierowa\u0107 do pracodawcy pismo zatytu\u0142owane jako ostateczne przeds\u0105dowe wezwanie do zap\u0142aty, w kt\u00f3rym wezwiemy pracodawc\u0119 do dobrowolnego spe\u0142nienia \u015bwiadczenia, aby spe\u0142ni\u0107 ustawowy obowi\u0105zek podj\u0119cia pr\u00f3by polubownego rozwi\u0105zania sporu. Je\u017celi jednak pracodawca zignoruje nasze pismo, to wtedy nale\u017cy wnie\u015b\u0107 stosowny pozew do s\u0105du pracy. Plusem spraw z zakresu prawa pracy jest to, i\u017c za pozew o zap\u0142at\u0119 nale\u017cnego wynagrodzenia lub ekwiwalentu nie nale\u017cy wnosi\u0107 \u017cadnej op\u0142aty, gdy\u017c ustawowo jeste\u015bmy w tego typu sprawach zwolnieni z op\u0142at s\u0105dowych. W pozwie nale\u017cy wskaza\u0107 oczywi\u015bcie dat\u0119 i miejsce sporz\u0105dzenia pozwu, a tak\u017ce oznaczenie s\u0105du, do kt\u00f3rego go kierujemy i dok\u0142adne oznaczenie stron zawieraj\u0105ce imiona i nazwiska, nazwy \u2013 w przypadki kiedy pracodawc\u0105 jest sp\u00f3\u0142ka cywilna lub prawa handlowego, PESELE i NIP-y, warto\u015b\u0107 przedmiotu sporu \u2013 czyli kwota jakiej dochodzimy, data okre\u015blaj\u0105ca wymagalno\u015b\u0107 naszego roszczenia, okre\u015blenie wskazuj\u0105ce, \u017ce nasze pismo to pozew oraz dok\u0142adne okre\u015blone \u017c\u0105danie wraz z uzasadnieniem naszych \u017c\u0105da\u0144 i dowodami na ich poparcie. Na ko\u0144cu trzeba pami\u0119ta\u0107, \u017ceby pozew oczywi\u015bcie podpisa\u0107 i wys\u0142a\u0107 go w 2 egzemplarzach do s\u0105du razem z za\u0142\u0105cznikami. Materia\u0142 dowodowy, jaki musimy przedstawi\u0107 nie jest skomplikowany, gdy\u017c wystarczy przed\u0142o\u017cy\u0107 umow\u0119 o prac\u0119, a w przypadku dochodzenia ekwiwalentu pieni\u0119\u017cnego koniecznie \u015bwiadectwo pracy. To na pracodawcy b\u0119dzie spoczywa\u0142 obowi\u0105zek wykazania, \u017ce nie mamy racji i wyp\u0142aci\u0142 nam wynagrodzenie.  Czy b\u0119dziemy musieli chodzi\u0107 na rozprawy, aby uzyska\u0107 korzystny dla nas wyrok? Niekoniecznie. Istnieje mo\u017cliwo\u015b\u0107 z\u0142o\u017cenia wniosku o wydanie w naszej sprawie nakazu zap\u0142aty w post\u0119powaniu upominawczym, dzi\u0119ki czemu s\u0105d wyda w naszej sprawie nakaz zap\u0142aty przeciwko pracodawcy bez rozprawy. Je\u017celi jednak s\u0105d nie zechce wyda\u0107 nakazu zap\u0142aty lub pracodawca wniesie sprzeciw to musimy liczy\u0107 si\u0119 z rozpraw\u0105 s\u0105dow\u0105. W razie uzyskania korzystnego dla nas orzeczenia jest ono od razu zaopatrzone w rygor natychmiastowej wykonalno\u015bci, wi\u0119c od razu mo\u017cemy wyst\u0119powa\u0107 o klauzul\u0119 wykonalno\u015bci.<\/p>\n<p class=\"brz-ff-noto_serif brz-ft-google brz-fw-lg-400 brz-fw-sm-im-400 brz-fw-xs-im-400 brz-lh-lg-1_6 brz-lh-sm-im-1_7 brz-lh-xs-im-1_7 brz-fs-xs-im-17 brz-fs-sm-im-17 brz-fs-lg-16 brz-css-tO5xB\">\n<p class=\"brz-text-lg-justify brz-ls-xs-im-3 brz-ls-sm-im-3 brz-ls-lg-0 brz-ff-noto_serif brz-ft-google brz-fw-lg-400 brz-fw-sm-im-400 brz-fw-xs-im-400 brz-lh-lg-1_6 brz-lh-sm-im-1_7 brz-lh-xs-im-1_7 brz-fs-lg-18 brz-fs-sm-im-19 brz-fs-xs-im-19 brz-css-qODSP\">\t<strong>Podsumowuj\u0105c, dochodzenie nale\u017cnego nam wynagrodzenia za prac\u0119, czy ekwiwalentu pieni\u0119\u017cnego na drodze s\u0105dowej, nie jest skomplikowane, a rozwi\u0105zania ustawowe daj\u0105 nam wiele u\u0142atwie\u0144 procesowych w tym zakresie. Tak wi\u0119c, je\u015bli jeste\u015b zainteresowany sporz\u0105dzeniem pozwu o zap\u0142at\u0119 zaleg\u0142ego wynagrodzenia za prac\u0119 lub ekwiwalentu to zg\u0142o\u015b si\u0119, a ch\u0119tnie pomog\u0119 Ci przygotowa\u0107 taki pozew. <\/strong><\/p>\n<\/div>\n<\/div>\n<\/div>\n<\/div>\n<\/div>\n<\/div>\n<\/div>\n<div id=\"\" class=\"brz-css-bmc6X brz-wrapper\">\n<div class=\"brz-menu-simple brz-css-xmGe2 brz-css-nGh8Z\">\n<div style=\"min-height:20px\"><\/div>\n<\/div>\n<\/div>\n<\/div>\n<\/div>\n<\/section>\n<\/div>\n<p>    <!-- version:1733939358 --><\/p>\n","protected":false},"excerpt":{"rendered":"<p>JAK ODZYSKA\u0106 ZALEG\u0141E WYNAGRODZENIE ZA PRAC\u0118 I EKWIWALENT PIENI\u0118\u017bNY ZA NIEWYKORZYSTANY URLOP Praca, opr\u00f3cz zdrowia i rodziny, jest najwa\u017cniejsz\u0105 rzecz\u0105 w \u017cyciu cz\u0142owieka. Ka\u017cdy z nas za wykonan\u0105 przez nas prac\u0119 chce otrzyma\u0107 jak najlepsze wynagrodzenie i przede wszystkim t\u0105 prac\u0119 zachowa\u0107, dlatego pracujemy jak najci\u0119\u017cej umiemy. Czasami jednak potrzebna jest nam odrobina odpoczynku, aby&hellip;&nbsp;<a href=\"https:\/\/kancelaria-walczuk.pl\/index.php\/6b84d-charity-brizy-homepage-2-2-4-2-2-2-2-2\/\" rel=\"bookmark\">Dowiedz si\u0119 wi\u0119cej &raquo;<span class=\"screen-reader-text\">JAK ODZYSKA\u0106 ZALEG\u0141E WYNAGRODZENIE ZA PRAC\u0118 I EKWIWALENT PIENI\u0118\u017bNY ZA NIEWYKORZYSTANY URLOP<\/span><\/a><\/p>\n","protected":false},"author":1,"featured_media":0,"parent":0,"menu_order":0,"comment_status":"closed","ping_status":"closed","template":"page-templates\/template-pagebuilder-full-width.php","meta":{"neve_meta_sidebar":"","neve_meta_container":"","neve_meta_enable_content_width":"","neve_meta_content_width":70,"neve_meta_title_alignment":"","neve_meta_author_avatar":"","neve_post_elements_order":"","neve_meta_disable_header":"","neve_meta_disable_footer":"","neve_meta_disable_title":"","footnotes":""},"class_list":["post-1167","page","type-page","status-publish","hentry"],"brizy_media":[{"id":137,"url":"https:\/\/kancelaria-walczuk.pl\/wp-content\/uploads\/2019\/06\/abigail-keenan-27292-unsplash.jpg","name":"abigail-keenan-27292-unsplash.jpg","meta":{"brizy_attachment_uid":"wp-8e87f5b5bff31d25a4e428370040ea83","brizy_post_uid":["78d69da7b9ff3ef9c9dacf3b79c1b6ca"]}},{"id":138,"url":"https:\/\/kancelaria-walczuk.pl\/wp-content\/uploads\/2019\/06\/capturing-the-human-heart-227847-unsplash.jpg","name":"capturing-the-human-heart-227847-unsplash.jpg","meta":{"brizy_attachment_uid":"wp-c7c038b49de8244bb1606c98e4b06fc3","brizy_post_uid":["78d69da7b9ff3ef9c9dacf3b79c1b6ca"]}},{"id":139,"url":"https:\/\/kancelaria-walczuk.pl\/wp-content\/uploads\/2019\/06\/bill-wegener-391233-unsplash.jpg","name":"bill-wegener-391233-unsplash.jpg","meta":{"brizy_attachment_uid":"wp-3a69977451639fe7746ac85a1bfb7f4c","brizy_post_uid":["78d69da7b9ff3ef9c9dacf3b79c1b6ca"]}},{"id":140,"url":"https:\/\/kancelaria-walczuk.pl\/wp-content\/uploads\/2019\/06\/avel-chuklanov-686841-unsplash.jpg","name":"avel-chuklanov-686841-unsplash.jpg","meta":{"brizy_attachment_uid":"wp-6fe4dd9efd95cec9d96d964cb3ad8daf","brizy_post_uid":["78d69da7b9ff3ef9c9dacf3b79c1b6ca"]}},{"id":141,"url":"https:\/\/kancelaria-walczuk.pl\/wp-content\/uploads\/2019\/06\/annie-spratt-135307-unsplash.jpg","name":"annie-spratt-135307-unsplash.jpg","meta":{"brizy_attachment_uid":"wp-68f58d57dd4fd9c8b24e1c233a169c86","brizy_post_uid":["78d69da7b9ff3ef9c9dacf3b79c1b6ca"]}},{"id":142,"url":"https:\/\/kancelaria-walczuk.pl\/wp-content\/uploads\/2019\/06\/annie-spratt-427337-unsplash-1024x681-1.jpg","name":"annie-spratt-427337-unsplash-1024x681-1.jpg","meta":{"brizy_attachment_uid":"wp-cd4f2c746a7dff99b7890916a7e6da09","brizy_post_uid":["78d69da7b9ff3ef9c9dacf3b79c1b6ca"]}},{"id":187,"url":"https:\/\/kancelaria-walczuk.pl\/wp-content\/uploads\/2021\/01\/serious-mature-lawyer-reading-document-on-desk-in-the-courtroom-\u2014-kopia-scaled.jpg","name":"serious-mature-lawyer-reading-document-on-desk-in-the-courtroom-\u2014-kopia.jpg","meta":{"brizy_attachment_uid":"wp-4ec8388e581bc921de7efeef21c3b19b.jpg","brizy_post_uid":["78d69da7b9ff3ef9c9dacf3b79c1b6ca"]}},{"id":219,"url":"https:\/\/kancelaria-walczuk.pl\/wp-content\/uploads\/brizy\/149\/assets\/images\/8e27938eef48750b66f2c1642dc0c1a6b8eb64fa.jpeg","name":"8e27938eef48750b66f2c1642dc0c1a6b8eb64fa.jpeg","meta":{"brizy_attachment_uid":"8e27938eef48750b66f2c1642dc0c1a6b8eb64fa.jpeg","brizy_post_uid":["78d69da7b9ff3ef9c9dacf3b79c1b6ca"]}},{"id":220,"url":"https:\/\/kancelaria-walczuk.pl\/wp-content\/uploads\/brizy\/149\/assets\/images\/c6a70296fe7ba65ddd74e69dd73c638c5761f68b.jpeg","name":"c6a70296fe7ba65ddd74e69dd73c638c5761f68b.jpeg","meta":{"brizy_attachment_uid":"c6a70296fe7ba65ddd74e69dd73c638c5761f68b.jpeg","brizy_post_uid":["78d69da7b9ff3ef9c9dacf3b79c1b6ca"]}},{"id":221,"url":"https:\/\/kancelaria-walczuk.pl\/wp-content\/uploads\/brizy\/149\/assets\/images\/a6eff2e1248bc9f109698722d06cb14668d029d4.jpeg","name":"a6eff2e1248bc9f109698722d06cb14668d029d4.jpeg","meta":{"brizy_attachment_uid":"a6eff2e1248bc9f109698722d06cb14668d029d4.jpeg","brizy_post_uid":["78d69da7b9ff3ef9c9dacf3b79c1b6ca"]}},{"id":306,"url":"https:\/\/kancelaria-walczuk.pl\/wp-content\/uploads\/2021\/01\/court-hammer-books-judgment-law-concept-scaled-e1609701318275-720x1024-1.jpg","name":"court-hammer-books-judgment-law-concept-scaled-e1609701318275-720x1024-1.jpg","meta":{"brizy_attachment_uid":"wp-3ac584f4869164a3cbb61aea2c1ddaa6.jpg","brizy_post_uid":["78d69da7b9ff3ef9c9dacf3b79c1b6ca"]}},{"id":430,"url":"https:\/\/kancelaria-walczuk.pl\/wp-content\/uploads\/2021\/01\/parag.jpg","name":"parag.jpg","meta":{"brizy_attachment_uid":"wp-9601e7e4893ae5c27356151bb6c987ee.jpg","brizy_post_uid":["78d69da7b9ff3ef9c9dacf3b79c1b6ca"]}},{"id":500,"url":"https:\/\/kancelaria-walczuk.pl\/wp-content\/uploads\/2021\/01\/Beznazwy-1.jpg","name":"Beznazwy-1.jpg","meta":{"brizy_attachment_uid":"wp-e9815299647b61a44f379f3a25b5cdc8.jpg","brizy_post_uid":["78d69da7b9ff3ef9c9dacf3b79c1b6ca"]}},{"id":565,"url":"https:\/\/kancelaria-walczuk.pl\/wp-content\/uploads\/2021\/01\/mlotek-scaled.jpg","name":"mlotek.jpg","meta":{"brizy_attachment_uid":"wp-93d749c66a45726daab29abeda234e23.jpg","brizy_post_uid":["78d69da7b9ff3ef9c9dacf3b79c1b6ca"]}},{"id":574,"url":"https:\/\/kancelaria-walczuk.pl\/wp-content\/uploads\/2021\/01\/sub_selling_your_business.jpg","name":"sub_selling_your_business.jpg","meta":{"brizy_attachment_uid":"wp-4d9dff9f23abace20dc3d2b0f27b191e.jpg","brizy_post_uid":["78d69da7b9ff3ef9c9dacf3b79c1b6ca"]}},{"id":629,"url":"https:\/\/kancelaria-walczuk.pl\/wp-content\/uploads\/brizy\/605\/assets\/images\/1f0e63565b71c046a2b753528d54c137faaad949.jpeg","name":"1f0e63565b71c046a2b753528d54c137faaad949.jpeg","meta":{"brizy_attachment_uid":"1f0e63565b71c046a2b753528d54c137faaad949.jpeg","brizy_post_uid":["78d69da7b9ff3ef9c9dacf3b79c1b6ca"]}},{"id":630,"url":"https:\/\/kancelaria-walczuk.pl\/wp-content\/uploads\/brizy\/605\/assets\/images\/d3e637a2ecd213d20b7259a13ae31b1d1bd146fa.jpeg","name":"d3e637a2ecd213d20b7259a13ae31b1d1bd146fa.jpeg","meta":{"brizy_attachment_uid":"d3e637a2ecd213d20b7259a13ae31b1d1bd146fa.jpeg","brizy_post_uid":["78d69da7b9ff3ef9c9dacf3b79c1b6ca"]}},{"id":631,"url":"https:\/\/kancelaria-walczuk.pl\/wp-content\/uploads\/brizy\/605\/assets\/images\/32a61f3becbfc6ffe65fda9c27afd59d398ccb01.jpeg","name":"32a61f3becbfc6ffe65fda9c27afd59d398ccb01.jpeg","meta":{"brizy_attachment_uid":"32a61f3becbfc6ffe65fda9c27afd59d398ccb01.jpeg","brizy_post_uid":["78d69da7b9ff3ef9c9dacf3b79c1b6ca"]}},{"id":719,"url":"https:\/\/kancelaria-walczuk.pl\/wp-content\/uploads\/brizy\/605\/assets\/images\/dd81059582abb5710fa8ca1da32a825a4f4bc587.jpeg","name":"dd81059582abb5710fa8ca1da32a825a4f4bc587.jpeg","meta":{"brizy_attachment_uid":"dd81059582abb5710fa8ca1da32a825a4f4bc587.jpeg","brizy_post_uid":["78d69da7b9ff3ef9c9dacf3b79c1b6ca"]}},{"id":720,"url":"https:\/\/kancelaria-walczuk.pl\/wp-content\/uploads\/brizy\/605\/assets\/images\/e3959c03766425afcfa8bd16e72fb505b6221ae1.jpeg","name":"e3959c03766425afcfa8bd16e72fb505b6221ae1.jpeg","meta":{"brizy_attachment_uid":"e3959c03766425afcfa8bd16e72fb505b6221ae1.jpeg","brizy_post_uid":["78d69da7b9ff3ef9c9dacf3b79c1b6ca"]}},{"id":947,"url":"https:\/\/kancelaria-walczuk.pl\/wp-content\/uploads\/brizy\/852\/assets\/images\/920e5c1564cf73952005b9cec9bf405f11e2cee2.jpeg","name":"920e5c1564cf73952005b9cec9bf405f11e2cee2.jpeg","meta":{"brizy_attachment_uid":"920e5c1564cf73952005b9cec9bf405f11e2cee2.jpeg","brizy_post_uid":["78d69da7b9ff3ef9c9dacf3b79c1b6ca"]}},{"id":948,"url":"https:\/\/kancelaria-walczuk.pl\/wp-content\/uploads\/brizy\/852\/assets\/images\/46d0f3a91b12d935f7bc516a7a83e77c7dff302b.jpeg","name":"46d0f3a91b12d935f7bc516a7a83e77c7dff302b.jpeg","meta":{"brizy_attachment_uid":"46d0f3a91b12d935f7bc516a7a83e77c7dff302b.jpeg","brizy_post_uid":["78d69da7b9ff3ef9c9dacf3b79c1b6ca"]}},{"id":949,"url":"https:\/\/kancelaria-walczuk.pl\/wp-content\/uploads\/brizy\/852\/assets\/images\/5ed19f44527a8d24f3c9faafddb5a71e7e00d067.jpeg","name":"5ed19f44527a8d24f3c9faafddb5a71e7e00d067.jpeg","meta":{"brizy_attachment_uid":"5ed19f44527a8d24f3c9faafddb5a71e7e00d067.jpeg","brizy_post_uid":["78d69da7b9ff3ef9c9dacf3b79c1b6ca"]}},{"id":950,"url":"https:\/\/kancelaria-walczuk.pl\/wp-content\/uploads\/brizy\/852\/assets\/images\/8ea1d313879b777245777e356daaca4e5b5e7e64.jpeg","name":"8ea1d313879b777245777e356daaca4e5b5e7e64.jpeg","meta":{"brizy_attachment_uid":"8ea1d313879b777245777e356daaca4e5b5e7e64.jpeg","brizy_post_uid":["78d69da7b9ff3ef9c9dacf3b79c1b6ca"]}},{"id":967,"url":"https:\/\/kancelaria-walczuk.pl\/wp-content\/uploads\/brizy\/952\/assets\/images\/f1d5b9ba221f885cebd4219a14432290760d6cb3.jpeg","name":"f1d5b9ba221f885cebd4219a14432290760d6cb3.jpeg","meta":{"brizy_attachment_uid":"f1d5b9ba221f885cebd4219a14432290760d6cb3.jpeg","brizy_post_uid":["78d69da7b9ff3ef9c9dacf3b79c1b6ca"]}},{"id":968,"url":"https:\/\/kancelaria-walczuk.pl\/wp-content\/uploads\/brizy\/952\/assets\/images\/e24c12891fd453c58717e803fa1a0bc64b93fb51.jpeg","name":"e24c12891fd453c58717e803fa1a0bc64b93fb51.jpeg","meta":{"brizy_attachment_uid":"e24c12891fd453c58717e803fa1a0bc64b93fb51.jpeg","brizy_post_uid":["78d69da7b9ff3ef9c9dacf3b79c1b6ca"]}},{"id":969,"url":"https:\/\/kancelaria-walczuk.pl\/wp-content\/uploads\/brizy\/952\/assets\/images\/eefbdef5554305e6312a2ebb23d4d116c4454ab4.jpeg","name":"eefbdef5554305e6312a2ebb23d4d116c4454ab4.jpeg","meta":{"brizy_attachment_uid":"eefbdef5554305e6312a2ebb23d4d116c4454ab4.jpeg","brizy_post_uid":["78d69da7b9ff3ef9c9dacf3b79c1b6ca"]}},{"id":1039,"url":"https:\/\/kancelaria-walczuk.pl\/wp-content\/uploads\/2021\/01\/stamp-4969581_1920.jpg","name":"stamp-4969581_1920.jpg","meta":{"brizy_attachment_uid":"wp-3d5cdd3b14c9c7ff7a9728c1556657fc.jpg","brizy_post_uid":["78d69da7b9ff3ef9c9dacf3b79c1b6ca"]}}],"_links":{"self":[{"href":"https:\/\/kancelaria-walczuk.pl\/index.php\/wp-json\/wp\/v2\/pages\/1167","targetHints":{"allow":["GET"]}}],"collection":[{"href":"https:\/\/kancelaria-walczuk.pl\/index.php\/wp-json\/wp\/v2\/pages"}],"about":[{"href":"https:\/\/kancelaria-walczuk.pl\/index.php\/wp-json\/wp\/v2\/types\/page"}],"author":[{"embeddable":true,"href":"https:\/\/kancelaria-walczuk.pl\/index.php\/wp-json\/wp\/v2\/users\/1"}],"replies":[{"embeddable":true,"href":"https:\/\/kancelaria-walczuk.pl\/index.php\/wp-json\/wp\/v2\/comments?post=1167"}],"version-history":[{"count":4,"href":"https:\/\/kancelaria-walczuk.pl\/index.php\/wp-json\/wp\/v2\/pages\/1167\/revisions"}],"predecessor-version":[{"id":1187,"href":"https:\/\/kancelaria-walczuk.pl\/index.php\/wp-json\/wp\/v2\/pages\/1167\/revisions\/1187"}],"wp:attachment":[{"href":"https:\/\/kancelaria-walczuk.pl\/index.php\/wp-json\/wp\/v2\/media?parent=1167"}],"curies":[{"name":"wp","href":"https:\/\/api.w.org\/{rel}","templated":true}]}}